{"id":14208,"date":"2025-05-19T15:48:27","date_gmt":"2025-05-19T13:48:27","guid":{"rendered":"https:\/\/klimapark2469.no\/for-companies\/"},"modified":"2025-09-16T15:10:24","modified_gmt":"2025-09-16T13:10:24","slug":"for-companies","status":"publish","type":"page","link":"https:\/\/klimapark2469.no\/en\/for-companies\/","title":{"rendered":"For companies"},"content":{"rendered":"\n\n\t<h1>Guida turar i Klimapark 2469 for grupper<\/h1>\n\t<p>Vi tilbyr guida turar for grupper cirka 1850 meter over havet i Klimapark 2469. Bli med p\u00e5 ei unik og kunnskapsrik oppleving.<\/p>\n<p>Ta kontakt med oss p\u00e5 61 21 16 00 eller post@klimapark2469.no for \u00e5 gjera avtale.<\/p>\n\t\t\t<a href=\"https:\/\/klimapark2469.no\/sporsmal-og-svar\/\" target=\"_blank\" rel=\"noopener\">\n\t\t\t\t\t\tOfte stilte sp\u00f8rsm\u00e5l\n\t\t\t\t\t<\/a>\n\t\t\t\t<img decoding=\"async\" src=\"https:\/\/klimapark2469.no\/wp-content\/uploads\/2025\/04\/Klimapark-2469_2023_Live-Sulheim_8-scaled.jpg\" alt=\"Istunnelen. Foto: Live Andrea Sulheim\" itemprop=\"image\" height=\"1707\" width=\"2560\" title=\"Klimapark 2469_2023_Live Sulheim_8\" onerror=\"this.style.display='none'\" loading=\"lazy\" \/>\n\t\tIstunnelen. Foto: Live Andrea Sulheim\n\t\t\t\t<img decoding=\"async\" src=\"https:\/\/klimapark2469.no\/wp-content\/uploads\/2025\/04\/Klimaparken_2023_Live-Sulheim_6-scaled.jpg\" alt=\"Turen over permafrosten. Foto: Live Andrea Sulheim\" itemprop=\"image\" height=\"1707\" width=\"2560\" title=\"Klimaparken_2023_Live Sulheim_6\" onerror=\"this.style.display='none'\" loading=\"lazy\" \/>\n\t\tTuren over permafrosten. Foto: Live Andrea Sulheim\n\t<h3>Kva inneheld den guida turen i Klimapark 2469?<\/h3>\n<p>Klimaparken er eit utand\u00f8rs opplevingsomr\u00e5de lokalisert cirka 1850 meter over havet i Lom kommune.<\/p>\n<p>En guida tur i klimaparken best\u00e5r av:<\/p>\n<ul>\n<li><strong>Ein tur p\u00e5 cirka 1 kilometer langs gangbana over Juvflye og permafrosten. <\/strong>\u00a0Her fortel guiden om v\u00ear og klima, geologi, dyreliv, flora og historie. Det er om lag 2 kilometer \u00e5 g\u00e5 tur\/retur.<\/li>\n<li><strong>Inngang til den vakre istunnelen i Juvfonne. <\/strong>H\u00f8gdepunktet p\u00e5 turen er istunnelen. Datering av isen viser at den er heile 7600 \u00e5r gamal, og den eldste isen som er registrert p\u00e5 fastlands-Noreg. Istunnelen er designa og ljossett av kunstnar og skulpt\u00f8r Peder Istad, og er hakka ut og forma med handmakt.<\/li>\n<\/ul>\n<p>&nbsp;<\/p>\n<p>Turen tek cirka 2 timar.<\/p>\n\t\t\t<a href=\"https:\/\/klimapark2469.no\/om-turen-2\/\" target=\"_self\">\n\t\t\t\t\t\tLes meir\n\t\t\t\t\t<\/a>\n\t<h3>Kombiner med<\/h3>\n\t<p><strong>Inngang hos Norsk fjellsenter<\/strong><\/p>\n<p>Sj\u00e5 skattana som har smelta fram fr\u00e5 isen. Billett i Klimapark 2469 gjev ogs\u00e5 30% rabatt p\u00e5 inngangsbilletten til utstillingane p\u00e5 Norsk fjellsenter i Lom.<\/p>\n\t\t\t\t<img decoding=\"async\" src=\"https:\/\/klimapark2469.no\/wp-content\/uploads\/2025\/01\/Norsk-fjellsenter-Live-Andrea-Sulheim-2023-0507-scaled.jpg\" alt=\"Gjenstandar i utstillinga hos Norsk fjellsenter.\" itemprop=\"image\" height=\"1707\" width=\"2560\" title=\"Norsk fjellsenter - Live Andrea Sulheim - 2023-0507\" onerror=\"this.style.display='none'\" loading=\"lazy\" \/>\n\t\tGjenstandar i utstillinga hos Norsk fjellsenter. Foto: Live Andrea Sulheim \/ Norsk fjellsenter.\n\t<p><b>M\u00f8terom hos Norsk fjellsenter<\/b><\/p>\n<p>P\u00e5 <a href=\"https:\/\/www.norskfjellsenter.no\/\" target=\"_blank\" rel=\"noopener\">Norsk fjellsenter<\/a> i Lom er det mogeleg \u00e5 bestille m\u00f8terom med fleire fasilitetar. Kva med \u00e5 ta avdelingssamlinga her?<\/p>\n\t\t\t\t<img decoding=\"async\" src=\"https:\/\/klimapark2469.no\/wp-content\/uploads\/2025\/01\/Foto-Kristoffer-Maele-Thuestad-2.jpg\" alt=\"Bygning.\" itemprop=\"image\" height=\"958\" width=\"1500\" title=\"Foto- Kristoffer M\u00e6le Thuestad-2\" onerror=\"this.style.display='none'\" loading=\"lazy\" \/>\n\t\tNorsk fjellsenter. Foto: Kristoffer M\u00e6le Thuestad.\n\t<p><strong>Opplevingar i Lom<\/strong><\/p>\n<p>Lom har mykje \u00e5 by p\u00e5 av opplevingar. Vi kan hjelpe dykk med \u00e5 finne passande spisestadar, turar og aktivitetar i Lom og n\u00e6romr\u00e5det.<\/p>\n<p>Visit Jotunheimen: <a href=\"https:\/\/www.visitjotunheimen.no\/\">Velkomen til Lom og Jotunheimen &#8211; Jotunheimen<\/a><\/p>\n\t\t\t\t<img decoding=\"async\" src=\"https:\/\/klimapark2469.no\/wp-content\/uploads\/2025\/02\/Kulturstig-Gjende-2023_Norsk-fjellsenter-Live-Sulheim_7-scaled.jpg\" alt=\"Person som ser ut p\u00e5 naturen, fjell og vann\" itemprop=\"image\" height=\"1707\" width=\"2560\" title=\"Kulturstig Gjende 2023_Norsk fjellsenter Live Sulheim_7\" onerror=\"this.style.display='none'\" loading=\"lazy\" \/>\n\t\tGjende. Foto: Live Andrea Sulheim\n\t<h3>Priser<\/h3>\n<p><strong>Pris:\u00a0<\/strong>grupper med inntil 20 personar: kr 4500,- inkl. turleiar.<\/p>\n<p><strong>Inkludert i prisen:<\/strong><\/p>\n<ul>\n<li>20 personar + turleiar<\/li>\n<li>2 timer guiding<\/li>\n<li>Inngang til istunnelen<\/li>\n<\/ul>\n<p><strong>Ikkje inkludert i prisen:<\/strong><\/p>\n<ul>\n<li>Bomavgift opp til Juvasshytta<\/li>\n<li>Turklede<\/li>\n<li>Mat og drikke<\/li>\n<li>Tilgang til toalett ved Juvasshytta<\/li>\n<\/ul>\n<p><strong>Periode:\u00a0<\/strong>Ta kontakt med oss for \u00e5 bestille guida tur for di gruppe medio mai &#8211; oktober.<\/p>\n<p><strong>Avbestilling: <\/strong>Klimapark 2469 er eit utand\u00f8rs opplevingsomr\u00e5de, dei guida turane g\u00e5r uavhengig av v\u00earforhold.<\/p>\n<p>For grupper i Klimapark 2469 er det gratis avbestilling inntil 10 dagar f\u00f8r oppm\u00f8tetidspunktet\/guida tur. Om gruppa kansellerer turen tidlegare enn 5 dagar f\u00f8r datoen for den guida turen, vil vi fakturere 15 prosent av billlettprisen. Ved avbestilling seinare enn 5 dagar f\u00f8r den guida turen, blir heile billettprisen fakturert.<\/p>\n<p>&nbsp;<\/p>\n<p>Billett i Klimapark 2469 gjev ogs\u00e5 30% rabatt p\u00e5 inngangsbilletten til utstillingane p\u00e5 Norsk fjellsenter i Lom.<\/p>\n\t<h3>V\u00ear og klede<\/h3>\n<p>V\u00earet kan endre seg fort oppe p\u00e5 h\u00f8gfjellet, og det kan til og med komme sn\u00f8 i juli. Vi vil oppfordre alle v\u00e5re bes\u00f8kande til \u00e5 sjekke v\u00earmeldinga p\u00e5 f\u00f8rehand, slik at de reiser trygt. Du kan til d\u00f8mes s\u00f8ke opp \u00abJuvasshytta\u00bb p\u00e5 www.yr.no.<\/p>\n<p>Det er viktig \u00e5 kle seg varmt p\u00e5 ein guida tur i Klimapark 2469. Vi anbefaler:<\/p>\n<ul>\n<li>varm jakke og bukse, ein fordel om dei er vind- og vasstette<\/li>\n<li>lue og vottar<\/li>\n<li>ullundert\u00f8y<\/li>\n<li>sko som passar for fjelltur, for eksempel fjellsko eller vintersko<\/li>\n<li>solbriller til turen langs gangbana<\/li>\n<\/ul>\n<p>Temperaturen i istunnelen er kring -3\u00b0C. Klimapark 2469 er lokalisert cirka 1850 meter over havet. Selv p\u00e5 sommaren kan temperaturen vera l\u00e5g.<\/p>\n\t\t\t\t<img decoding=\"async\" src=\"https:\/\/klimapark2469.no\/wp-content\/uploads\/2025\/01\/Foto_Yngve_Vogt_Apollon_UiO_JV6A3979-scaled.jpg\" alt=\"Fjell og natur\" itemprop=\"image\" height=\"1707\" width=\"2560\" title=\"Permafrost-ekskursjon til Jotunheimen\" onerror=\"this.style.display='none'\" loading=\"lazy\" \/>\n\t\tH\u00f8gfjellet. Foto: Yngve Vogt \/ Apollon UiO\n\t\t\t<a href=\"https:\/\/klimapark2469.no\/sporsmal-og-svar\/\" target=\"_blank\" rel=\"noopener\">\n\t\t\t\t\t\tOfte stilte sp\u00f8rsm\u00e5l\n\t\t\t\t\t<\/a>\n\t<p>Ta kontakt med oss p\u00e5 61 21 16 00 eller post@klimapark2469.no for \u00e5 gjera avtale.<\/p>\n\n","protected":false},"excerpt":{"rendered":"<p>Guida turar i Klimapark 2469 for grupper Vi tilbyr guida turar for grupper cirka 1850 meter over havet i Klimapark 2469. Bli med p\u00e5 ei unik og kunnskapsrik oppleving. Ta kontakt med oss p\u00e5 61 21 16 00 eller post@klimapark2469.no for \u00e5 gjera avtale. Ofte stilte sp\u00f8rsm\u00e5l Istunnelen. Foto: Live Andrea Sulheim Turen over permafrosten.&hellip;<\/p>\n","protected":false},"author":10,"featured_media":0,"parent":0,"menu_order":0,"comment_status":"closed","ping_status":"closed","template":"","meta":{"footnotes":""},"class_list":["post-14208","page","type-page","status-publish","hentry"],"yoast_head":"<!-- This site is optimized with the Yoast SEO plugin v27.5 - https:\/\/yoast.com\/product\/yoast-seo-wordpress\/ -->\n<title>For companies - Mimisbrunnr<\/title>\n<meta name=\"robots\" content=\"index, follow, max-snippet:-1, max-image-preview:large, max-video-preview:-1\" \/>\n<link rel=\"canonical\" href=\"https:\/\/klimapark2469.no\/en\/for-companies\/\" \/>\n<meta property=\"og:locale\" content=\"en_US\" \/>\n<meta property=\"og:type\" content=\"article\" \/>\n<meta property=\"og:title\" content=\"For companies - Mimisbrunnr\" \/>\n<meta property=\"og:description\" content=\"Guida turar i Klimapark 2469 for grupper Vi tilbyr guida turar for grupper cirka 1850 meter over havet i Klimapark 2469. Bli med p\u00e5 ei unik og kunnskapsrik oppleving. Ta kontakt med oss p\u00e5 61 21 16 00 eller post@klimapark2469.no for \u00e5 gjera avtale. Ofte stilte sp\u00f8rsm\u00e5l Istunnelen. Foto: Live Andrea Sulheim Turen over permafrosten.&hellip;\" \/>\n<meta property=\"og:url\" content=\"https:\/\/klimapark2469.no\/en\/for-companies\/\" \/>\n<meta property=\"og:site_name\" content=\"Mimisbrunnr\" \/>\n<meta property=\"article:publisher\" content=\"https:\/\/www.facebook.com\/Klimapark2469\/\" \/>\n<meta property=\"article:modified_time\" content=\"2025-09-16T13:10:24+00:00\" \/>\n<meta property=\"og:image\" content=\"https:\/\/klimapark2469.no\/wp-content\/uploads\/2025\/04\/Klimapark-2469_2023_Live-Sulheim_8-scaled.jpg\" \/>\n<meta name=\"twitter:card\" content=\"summary_large_image\" \/>\n<meta name=\"twitter:label1\" content=\"Est. reading time\" \/>\n\t<meta name=\"twitter:data1\" content=\"3 minutes\" \/>\n<script type=\"application\/ld+json\" class=\"yoast-schema-graph\">{\"@context\":\"https:\\\/\\\/schema.org\",\"@graph\":[{\"@type\":\"WebPage\",\"@id\":\"https:\\\/\\\/klimapark2469.no\\\/en\\\/for-companies\\\/\",\"url\":\"https:\\\/\\\/klimapark2469.no\\\/en\\\/for-companies\\\/\",\"name\":\"For companies - Mimisbrunnr\",\"isPartOf\":{\"@id\":\"https:\\\/\\\/klimapark2469.no\\\/#website\"},\"primaryImageOfPage\":{\"@id\":\"https:\\\/\\\/klimapark2469.no\\\/en\\\/for-companies\\\/#primaryimage\"},\"image\":{\"@id\":\"https:\\\/\\\/klimapark2469.no\\\/en\\\/for-companies\\\/#primaryimage\"},\"thumbnailUrl\":\"https:\\\/\\\/klimapark2469.no\\\/wp-content\\\/uploads\\\/2025\\\/04\\\/Klimapark-2469_2023_Live-Sulheim_8-scaled.jpg\",\"datePublished\":\"2025-05-19T13:48:27+00:00\",\"dateModified\":\"2025-09-16T13:10:24+00:00\",\"breadcrumb\":{\"@id\":\"https:\\\/\\\/klimapark2469.no\\\/en\\\/for-companies\\\/#breadcrumb\"},\"inLanguage\":\"en-US\",\"potentialAction\":[{\"@type\":\"ReadAction\",\"target\":[\"https:\\\/\\\/klimapark2469.no\\\/en\\\/for-companies\\\/\"]}]},{\"@type\":\"ImageObject\",\"inLanguage\":\"en-US\",\"@id\":\"https:\\\/\\\/klimapark2469.no\\\/en\\\/for-companies\\\/#primaryimage\",\"url\":\"https:\\\/\\\/klimapark2469.no\\\/wp-content\\\/uploads\\\/2025\\\/04\\\/Klimapark-2469_2023_Live-Sulheim_8-scaled.jpg\",\"contentUrl\":\"https:\\\/\\\/klimapark2469.no\\\/wp-content\\\/uploads\\\/2025\\\/04\\\/Klimapark-2469_2023_Live-Sulheim_8-scaled.jpg\"},{\"@type\":\"BreadcrumbList\",\"@id\":\"https:\\\/\\\/klimapark2469.no\\\/en\\\/for-companies\\\/#breadcrumb\",\"itemListElement\":[{\"@type\":\"ListItem\",\"position\":1,\"name\":\"Hjem\",\"item\":\"https:\\\/\\\/klimapark2469.no\\\/en\\\/\"},{\"@type\":\"ListItem\",\"position\":2,\"name\":\"For companies\"}]},{\"@type\":\"WebSite\",\"@id\":\"https:\\\/\\\/klimapark2469.no\\\/#website\",\"url\":\"https:\\\/\\\/klimapark2469.no\\\/\",\"name\":\"Mimisbrunnr\",\"description\":\"70 meter inn i isen, 7000 \u00e5r attende i tid\",\"publisher\":{\"@id\":\"https:\\\/\\\/klimapark2469.no\\\/#organization\"},\"potentialAction\":[{\"@type\":\"SearchAction\",\"target\":{\"@type\":\"EntryPoint\",\"urlTemplate\":\"https:\\\/\\\/klimapark2469.no\\\/?s={search_term_string}\"},\"query-input\":{\"@type\":\"PropertyValueSpecification\",\"valueRequired\":true,\"valueName\":\"search_term_string\"}}],\"inLanguage\":\"en-US\"},{\"@type\":\"Organization\",\"@id\":\"https:\\\/\\\/klimapark2469.no\\\/#organization\",\"name\":\"Klimapark 2469\",\"url\":\"https:\\\/\\\/klimapark2469.no\\\/\",\"logo\":{\"@type\":\"ImageObject\",\"inLanguage\":\"en-US\",\"@id\":\"https:\\\/\\\/klimapark2469.no\\\/#\\\/schema\\\/logo\\\/image\\\/\",\"url\":\"https:\\\/\\\/klimapark2469.no\\\/wp-content\\\/uploads\\\/2019\\\/07\\\/Klimapark_2469_logo-1.png\",\"contentUrl\":\"https:\\\/\\\/klimapark2469.no\\\/wp-content\\\/uploads\\\/2019\\\/07\\\/Klimapark_2469_logo-1.png\",\"width\":1190,\"height\":364,\"caption\":\"Klimapark 2469\"},\"image\":{\"@id\":\"https:\\\/\\\/klimapark2469.no\\\/#\\\/schema\\\/logo\\\/image\\\/\"},\"sameAs\":[\"https:\\\/\\\/www.facebook.com\\\/Klimapark2469\\\/\",\"https:\\\/\\\/www.instagram.com\\\/klimapark_2469\\\/\",\"https:\\\/\\\/www.youtube.com\\\/user\\\/Klimapark2469\"]}]}<\/script>\n<!-- \/ Yoast SEO plugin. -->","yoast_head_json":{"title":"For companies - Mimisbrunnr","robots":{"index":"index","follow":"follow","max-snippet":"max-snippet:-1","max-image-preview":"max-image-preview:large","max-video-preview":"max-video-preview:-1"},"canonical":"https:\/\/klimapark2469.no\/en\/for-companies\/","og_locale":"en_US","og_type":"article","og_title":"For companies - Mimisbrunnr","og_description":"Guida turar i Klimapark 2469 for grupper Vi tilbyr guida turar for grupper cirka 1850 meter over havet i Klimapark 2469. Bli med p\u00e5 ei unik og kunnskapsrik oppleving. Ta kontakt med oss p\u00e5 61 21 16 00 eller post@klimapark2469.no for \u00e5 gjera avtale. Ofte stilte sp\u00f8rsm\u00e5l Istunnelen. Foto: Live Andrea Sulheim Turen over permafrosten.&hellip;","og_url":"https:\/\/klimapark2469.no\/en\/for-companies\/","og_site_name":"Mimisbrunnr","article_publisher":"https:\/\/www.facebook.com\/Klimapark2469\/","article_modified_time":"2025-09-16T13:10:24+00:00","og_image":[{"url":"https:\/\/klimapark2469.no\/wp-content\/uploads\/2025\/04\/Klimapark-2469_2023_Live-Sulheim_8-scaled.jpg","type":"","width":"","height":""}],"twitter_card":"summary_large_image","twitter_misc":{"Est. reading time":"3 minutes"},"schema":{"@context":"https:\/\/schema.org","@graph":[{"@type":"WebPage","@id":"https:\/\/klimapark2469.no\/en\/for-companies\/","url":"https:\/\/klimapark2469.no\/en\/for-companies\/","name":"For companies - Mimisbrunnr","isPartOf":{"@id":"https:\/\/klimapark2469.no\/#website"},"primaryImageOfPage":{"@id":"https:\/\/klimapark2469.no\/en\/for-companies\/#primaryimage"},"image":{"@id":"https:\/\/klimapark2469.no\/en\/for-companies\/#primaryimage"},"thumbnailUrl":"https:\/\/klimapark2469.no\/wp-content\/uploads\/2025\/04\/Klimapark-2469_2023_Live-Sulheim_8-scaled.jpg","datePublished":"2025-05-19T13:48:27+00:00","dateModified":"2025-09-16T13:10:24+00:00","breadcrumb":{"@id":"https:\/\/klimapark2469.no\/en\/for-companies\/#breadcrumb"},"inLanguage":"en-US","potentialAction":[{"@type":"ReadAction","target":["https:\/\/klimapark2469.no\/en\/for-companies\/"]}]},{"@type":"ImageObject","inLanguage":"en-US","@id":"https:\/\/klimapark2469.no\/en\/for-companies\/#primaryimage","url":"https:\/\/klimapark2469.no\/wp-content\/uploads\/2025\/04\/Klimapark-2469_2023_Live-Sulheim_8-scaled.jpg","contentUrl":"https:\/\/klimapark2469.no\/wp-content\/uploads\/2025\/04\/Klimapark-2469_2023_Live-Sulheim_8-scaled.jpg"},{"@type":"BreadcrumbList","@id":"https:\/\/klimapark2469.no\/en\/for-companies\/#breadcrumb","itemListElement":[{"@type":"ListItem","position":1,"name":"Hjem","item":"https:\/\/klimapark2469.no\/en\/"},{"@type":"ListItem","position":2,"name":"For companies"}]},{"@type":"WebSite","@id":"https:\/\/klimapark2469.no\/#website","url":"https:\/\/klimapark2469.no\/","name":"Mimisbrunnr","description":"70 meter inn i isen, 7000 \u00e5r attende i tid","publisher":{"@id":"https:\/\/klimapark2469.no\/#organization"},"potentialAction":[{"@type":"SearchAction","target":{"@type":"EntryPoint","urlTemplate":"https:\/\/klimapark2469.no\/?s={search_term_string}"},"query-input":{"@type":"PropertyValueSpecification","valueRequired":true,"valueName":"search_term_string"}}],"inLanguage":"en-US"},{"@type":"Organization","@id":"https:\/\/klimapark2469.no\/#organization","name":"Klimapark 2469","url":"https:\/\/klimapark2469.no\/","logo":{"@type":"ImageObject","inLanguage":"en-US","@id":"https:\/\/klimapark2469.no\/#\/schema\/logo\/image\/","url":"https:\/\/klimapark2469.no\/wp-content\/uploads\/2019\/07\/Klimapark_2469_logo-1.png","contentUrl":"https:\/\/klimapark2469.no\/wp-content\/uploads\/2019\/07\/Klimapark_2469_logo-1.png","width":1190,"height":364,"caption":"Klimapark 2469"},"image":{"@id":"https:\/\/klimapark2469.no\/#\/schema\/logo\/image\/"},"sameAs":["https:\/\/www.facebook.com\/Klimapark2469\/","https:\/\/www.instagram.com\/klimapark_2469\/","https:\/\/www.youtube.com\/user\/Klimapark2469"]}]}},"_links":{"self":[{"href":"https:\/\/klimapark2469.no\/en\/wp-json\/wp\/v2\/pages\/14208","targetHints":{"allow":["GET"]}}],"collection":[{"href":"https:\/\/klimapark2469.no\/en\/wp-json\/wp\/v2\/pages"}],"about":[{"href":"https:\/\/klimapark2469.no\/en\/wp-json\/wp\/v2\/types\/page"}],"author":[{"embeddable":true,"href":"https:\/\/klimapark2469.no\/en\/wp-json\/wp\/v2\/users\/10"}],"replies":[{"embeddable":true,"href":"https:\/\/klimapark2469.no\/en\/wp-json\/wp\/v2\/comments?post=14208"}],"version-history":[{"count":4,"href":"https:\/\/klimapark2469.no\/en\/wp-json\/wp\/v2\/pages\/14208\/revisions"}],"predecessor-version":[{"id":17647,"href":"https:\/\/klimapark2469.no\/en\/wp-json\/wp\/v2\/pages\/14208\/revisions\/17647"}],"wp:attachment":[{"href":"https:\/\/klimapark2469.no\/en\/wp-json\/wp\/v2\/media?parent=14208"}],"curies":[{"name":"wp","href":"https:\/\/api.w.org\/{rel}","templated":true}]}}