{"id":14667,"date":"2025-05-22T15:47:46","date_gmt":"2025-05-22T13:47:46","guid":{"rendered":"https:\/\/klimapark2469.no\/buy-tickets\/"},"modified":"2025-11-25T16:57:07","modified_gmt":"2025-11-25T15:57:07","slug":"buy-tickets","status":"publish","type":"page","link":"https:\/\/klimapark2469.no\/en\/buy-tickets\/","title":{"rendered":"Buy tickets"},"content":{"rendered":"\n\n\t<h2><strong>Bli med inn i isen<\/strong><\/h2>\n<p>Bli med inn i ein handhogd istunnel fylt med is-skulpturar og arkeologiske skattar. P\u00e5 vegen l\u00e6rer du om forhistorisk jakt, klimaendringar, tinande permafrost, smeltande sn\u00f8fonner og dyra og plantane som overlev i dei barske fjella. Turen tek cirka 2 timar.<\/p>\n<p>Vi ber alle gjestar om \u00e5 booke billettar p\u00e5 f\u00f8rehand.<\/p>\n<p>&nbsp;<\/p>\n<h3><strong>Turen over permafrosten<\/strong><\/h3>\n<p>P\u00e5 den n\u00e6r 1 kilometer lange turen langs gangbana over Juvflye og permafrosten l\u00e6rer du om klima, historie, geologi og biologi i h\u00f8gfjellet. Det er om lag 2 kilometer \u00e5 g\u00e5 tur\/retur.<\/p>\n<p>&nbsp;<\/p>\n<h3><strong>Istunnelen i Juvfonne<\/strong><\/h3>\n<p>H\u00f8gdepunktet p\u00e5 turen er den vakre istunnelen i Juvfonne. Istunnelen er handhogd, og skulpturane er utforma av iskunstnar Peder Istad med inspirasjon fr\u00e5 norr\u00f8n mytologi.<\/p>\n<p>I istunnelen finn du blant anna ein diger diamant, ei fasinerande klode, eit klimaarkiv, Midgardsormen og ein liten kinosal. Datering av isen viser at den er heile 7600 \u00e5r gamal, og den eldste isen som er registrert p\u00e5 fastlands-Noreg.<\/p>\n<p>&nbsp;<\/p>\n<h3><strong>Tider og prisar 2025<\/strong><\/h3>\n<h4><strong>Tider<\/strong><\/h4>\n<p>Vi har guida turar i tidsrommet 21. juni &#8211; 14. september 2025. Sj\u00e5 kalender for tider og spr\u00e5k neds p\u00e5 denne sia.<\/p>\n<p>&nbsp;<\/p>\n<h4><strong>Prisar<\/strong><\/h4>\n<p><strong>Vaksen:<\/strong>\u00a0kr 395,- per person.<\/p>\n<p><strong>Barn 4-18 \u00e5r:<\/strong>\u00a0kr 215,- per person.<\/p>\n<p>Gratis for barn under 4 \u00e5r.<\/p>\n<p><strong>Familierabatt:<\/strong>\u00a0kupongkoda &#8220;FAMILIE25&#8221; gir 25% rabatt p\u00e5 billettar som gjeld 1-2 vaksne med opptil 3 barn mellom 4 og 18 \u00e5r. Skriv inn kupongkoda i steget &#8220;Angi kontaktopplysninger&#8221; og i tekstfeltet som kjem opp n\u00e5r du trykkjer p\u00e5 &#8220;Jeg har en gavekortkode&#8221; ved bestilling.<\/p>\n<p><strong>Grupper:<\/strong>\u00a0inntil 20 personar: kr 4500,- inkludert guide. Ta kontakt med oss for gruppebestilling.<\/p>\n<p>Kj\u00f8p av billett i Klimapark 2469 gjev 30% rabatt p\u00e5 inngangsbilletten hos Norsk fjellsenter i Lom sentrum. Billettane treng ikkje nyttast same dag.<\/p>\n<p>&nbsp;<\/p>\n<h4><strong>Inkludert i prisen:<\/strong><\/h4>\n<ul>\n<li>Om lag 2 timer guiding<\/li>\n<li>Inngang til istunnelen<\/li>\n<li>Turleiar<\/li>\n<\/ul>\n\n<h4><strong>Ikkje inkludert i prisen:<\/strong><\/h4>\n<ul>\n<li>Bomavgift opp til Juvasshytta<\/li>\n<li>Turklede<\/li>\n<li>Mat og drikke<\/li>\n<li>Tilgang til toalett ved Juvasshytta<\/li>\n<\/ul>\n<p>&nbsp;<\/p>\n<h4><strong>V\u00ear og klede<\/strong><\/h4>\n<p>V\u00earet kan endre seg fort oppe p\u00e5 h\u00f8gfjellet, og det kan til og med komme sn\u00f8 i juli.<\/p>\n<p><strong>Vi vil oppfordre alle v\u00e5re bes\u00f8kande til \u00e5 sjekke v\u00earmeldinga p\u00e5 f\u00f8rehand, slik at de reiser trygt.<\/strong><\/p>\n<p>Du kan til d\u00f8mes s\u00f8ke opp \u00abJuvasshytta\u00bb p\u00e5 www.yr.no.<\/p>\n<p>Det er viktig \u00e5 kle seg varmt p\u00e5 ein guida tur i Klimapark 2469. Det er kring -3 grader i istunnelen. Vi anbefaler:<\/p>\n<ul>\n<li>varm jakke og bukse, ein fordel om dei er vind- og vasstette<\/li>\n<li>lue og vottar<\/li>\n<li>ullundert\u00f8y<\/li>\n<li>sko som passar for fjelltur, for eksempel fjellsko eller vintersko<\/li>\n<li>solbriller til turen langs gangbana<\/li>\n<\/ul>\n<p>&nbsp;<\/p>\n<h4><strong>Reise<\/strong><\/h4>\n<p>Vegen opp til Klimapark 2469 er eigd av Juvasshytta og er Noreg sin h\u00f8gastliggande veg. Den guida turen i Klimapark 2469 foreg\u00e5r p\u00e5 cirka 1850 meter over havet.<\/p>\n<p>Vegen er ilagt bomavgift. Bil med campingvogn er ikkje tillete, men campervan er greitt. Meir informasjon om vegen:\u00a0<a href=\"https:\/\/juvasshytta.no\/norges-h%C3%B8gstliggande-bilveg\">Vegen opp til oss &#8211; Juvasshytta<\/a><\/p>\n\n","protected":false},"excerpt":{"rendered":"<p>Bli med inn i isen Bli med inn i ein handhogd istunnel fylt med is-skulpturar og arkeologiske skattar. P\u00e5 vegen l\u00e6rer du om forhistorisk jakt, klimaendringar, tinande permafrost, smeltande sn\u00f8fonner og dyra og plantane som overlev i dei barske fjella. Turen tek cirka 2 timar. Vi ber alle gjestar om \u00e5 booke billettar p\u00e5 f\u00f8rehand.&hellip;<\/p>\n","protected":false},"author":10,"featured_media":0,"parent":0,"menu_order":0,"comment_status":"closed","ping_status":"closed","template":"","meta":{"footnotes":""},"class_list":["post-14667","page","type-page","status-publish","hentry"],"yoast_head":"<!-- This site is optimized with the Yoast SEO plugin v27.4 - https:\/\/yoast.com\/product\/yoast-seo-wordpress\/ -->\n<title>Buy tickets - Mimisbrunnr<\/title>\n<meta name=\"robots\" content=\"index, follow, max-snippet:-1, max-image-preview:large, max-video-preview:-1\" \/>\n<link rel=\"canonical\" href=\"https:\/\/klimapark2469.no\/en\/buy-tickets\/\" \/>\n<meta property=\"og:locale\" content=\"en_US\" \/>\n<meta property=\"og:type\" content=\"article\" \/>\n<meta property=\"og:title\" content=\"Buy tickets - Mimisbrunnr\" \/>\n<meta property=\"og:description\" content=\"Bli med inn i isen Bli med inn i ein handhogd istunnel fylt med is-skulpturar og arkeologiske skattar. P\u00e5 vegen l\u00e6rer du om forhistorisk jakt, klimaendringar, tinande permafrost, smeltande sn\u00f8fonner og dyra og plantane som overlev i dei barske fjella. Turen tek cirka 2 timar. Vi ber alle gjestar om \u00e5 booke billettar p\u00e5 f\u00f8rehand.&hellip;\" \/>\n<meta property=\"og:url\" content=\"https:\/\/klimapark2469.no\/en\/buy-tickets\/\" \/>\n<meta property=\"og:site_name\" content=\"Mimisbrunnr\" \/>\n<meta property=\"article:publisher\" content=\"https:\/\/www.facebook.com\/Klimapark2469\/\" \/>\n<meta property=\"article:modified_time\" content=\"2025-11-25T15:57:07+00:00\" \/>\n<meta name=\"twitter:card\" content=\"summary_large_image\" \/>\n<meta name=\"twitter:label1\" content=\"Est. reading time\" \/>\n\t<meta name=\"twitter:data1\" content=\"2 minutes\" \/>\n<script type=\"application\/ld+json\" class=\"yoast-schema-graph\">{\"@context\":\"https:\\\/\\\/schema.org\",\"@graph\":[{\"@type\":\"WebPage\",\"@id\":\"https:\\\/\\\/klimapark2469.no\\\/en\\\/buy-tickets\\\/\",\"url\":\"https:\\\/\\\/klimapark2469.no\\\/en\\\/buy-tickets\\\/\",\"name\":\"Buy tickets - Mimisbrunnr\",\"isPartOf\":{\"@id\":\"https:\\\/\\\/klimapark2469.no\\\/#website\"},\"datePublished\":\"2025-05-22T13:47:46+00:00\",\"dateModified\":\"2025-11-25T15:57:07+00:00\",\"breadcrumb\":{\"@id\":\"https:\\\/\\\/klimapark2469.no\\\/en\\\/buy-tickets\\\/#breadcrumb\"},\"inLanguage\":\"en-US\",\"potentialAction\":[{\"@type\":\"ReadAction\",\"target\":[\"https:\\\/\\\/klimapark2469.no\\\/en\\\/buy-tickets\\\/\"]}]},{\"@type\":\"BreadcrumbList\",\"@id\":\"https:\\\/\\\/klimapark2469.no\\\/en\\\/buy-tickets\\\/#breadcrumb\",\"itemListElement\":[{\"@type\":\"ListItem\",\"position\":1,\"name\":\"Hjem\",\"item\":\"https:\\\/\\\/klimapark2469.no\\\/en\\\/\"},{\"@type\":\"ListItem\",\"position\":2,\"name\":\"Buy tickets\"}]},{\"@type\":\"WebSite\",\"@id\":\"https:\\\/\\\/klimapark2469.no\\\/#website\",\"url\":\"https:\\\/\\\/klimapark2469.no\\\/\",\"name\":\"Mimisbrunnr\",\"description\":\"70 meter inn i isen, 7000 \u00e5r attende i tid\",\"publisher\":{\"@id\":\"https:\\\/\\\/klimapark2469.no\\\/#organization\"},\"potentialAction\":[{\"@type\":\"SearchAction\",\"target\":{\"@type\":\"EntryPoint\",\"urlTemplate\":\"https:\\\/\\\/klimapark2469.no\\\/?s={search_term_string}\"},\"query-input\":{\"@type\":\"PropertyValueSpecification\",\"valueRequired\":true,\"valueName\":\"search_term_string\"}}],\"inLanguage\":\"en-US\"},{\"@type\":\"Organization\",\"@id\":\"https:\\\/\\\/klimapark2469.no\\\/#organization\",\"name\":\"Klimapark 2469\",\"url\":\"https:\\\/\\\/klimapark2469.no\\\/\",\"logo\":{\"@type\":\"ImageObject\",\"inLanguage\":\"en-US\",\"@id\":\"https:\\\/\\\/klimapark2469.no\\\/#\\\/schema\\\/logo\\\/image\\\/\",\"url\":\"https:\\\/\\\/klimapark2469.no\\\/wp-content\\\/uploads\\\/2019\\\/07\\\/Klimapark_2469_logo-1.png\",\"contentUrl\":\"https:\\\/\\\/klimapark2469.no\\\/wp-content\\\/uploads\\\/2019\\\/07\\\/Klimapark_2469_logo-1.png\",\"width\":1190,\"height\":364,\"caption\":\"Klimapark 2469\"},\"image\":{\"@id\":\"https:\\\/\\\/klimapark2469.no\\\/#\\\/schema\\\/logo\\\/image\\\/\"},\"sameAs\":[\"https:\\\/\\\/www.facebook.com\\\/Klimapark2469\\\/\",\"https:\\\/\\\/www.instagram.com\\\/klimapark_2469\\\/\",\"https:\\\/\\\/www.youtube.com\\\/user\\\/Klimapark2469\"]}]}<\/script>\n<!-- \/ Yoast SEO plugin. -->","yoast_head_json":{"title":"Buy tickets - Mimisbrunnr","robots":{"index":"index","follow":"follow","max-snippet":"max-snippet:-1","max-image-preview":"max-image-preview:large","max-video-preview":"max-video-preview:-1"},"canonical":"https:\/\/klimapark2469.no\/en\/buy-tickets\/","og_locale":"en_US","og_type":"article","og_title":"Buy tickets - Mimisbrunnr","og_description":"Bli med inn i isen Bli med inn i ein handhogd istunnel fylt med is-skulpturar og arkeologiske skattar. P\u00e5 vegen l\u00e6rer du om forhistorisk jakt, klimaendringar, tinande permafrost, smeltande sn\u00f8fonner og dyra og plantane som overlev i dei barske fjella. Turen tek cirka 2 timar. Vi ber alle gjestar om \u00e5 booke billettar p\u00e5 f\u00f8rehand.&hellip;","og_url":"https:\/\/klimapark2469.no\/en\/buy-tickets\/","og_site_name":"Mimisbrunnr","article_publisher":"https:\/\/www.facebook.com\/Klimapark2469\/","article_modified_time":"2025-11-25T15:57:07+00:00","twitter_card":"summary_large_image","twitter_misc":{"Est. reading time":"2 minutes"},"schema":{"@context":"https:\/\/schema.org","@graph":[{"@type":"WebPage","@id":"https:\/\/klimapark2469.no\/en\/buy-tickets\/","url":"https:\/\/klimapark2469.no\/en\/buy-tickets\/","name":"Buy tickets - Mimisbrunnr","isPartOf":{"@id":"https:\/\/klimapark2469.no\/#website"},"datePublished":"2025-05-22T13:47:46+00:00","dateModified":"2025-11-25T15:57:07+00:00","breadcrumb":{"@id":"https:\/\/klimapark2469.no\/en\/buy-tickets\/#breadcrumb"},"inLanguage":"en-US","potentialAction":[{"@type":"ReadAction","target":["https:\/\/klimapark2469.no\/en\/buy-tickets\/"]}]},{"@type":"BreadcrumbList","@id":"https:\/\/klimapark2469.no\/en\/buy-tickets\/#breadcrumb","itemListElement":[{"@type":"ListItem","position":1,"name":"Hjem","item":"https:\/\/klimapark2469.no\/en\/"},{"@type":"ListItem","position":2,"name":"Buy tickets"}]},{"@type":"WebSite","@id":"https:\/\/klimapark2469.no\/#website","url":"https:\/\/klimapark2469.no\/","name":"Mimisbrunnr","description":"70 meter inn i isen, 7000 \u00e5r attende i tid","publisher":{"@id":"https:\/\/klimapark2469.no\/#organization"},"potentialAction":[{"@type":"SearchAction","target":{"@type":"EntryPoint","urlTemplate":"https:\/\/klimapark2469.no\/?s={search_term_string}"},"query-input":{"@type":"PropertyValueSpecification","valueRequired":true,"valueName":"search_term_string"}}],"inLanguage":"en-US"},{"@type":"Organization","@id":"https:\/\/klimapark2469.no\/#organization","name":"Klimapark 2469","url":"https:\/\/klimapark2469.no\/","logo":{"@type":"ImageObject","inLanguage":"en-US","@id":"https:\/\/klimapark2469.no\/#\/schema\/logo\/image\/","url":"https:\/\/klimapark2469.no\/wp-content\/uploads\/2019\/07\/Klimapark_2469_logo-1.png","contentUrl":"https:\/\/klimapark2469.no\/wp-content\/uploads\/2019\/07\/Klimapark_2469_logo-1.png","width":1190,"height":364,"caption":"Klimapark 2469"},"image":{"@id":"https:\/\/klimapark2469.no\/#\/schema\/logo\/image\/"},"sameAs":["https:\/\/www.facebook.com\/Klimapark2469\/","https:\/\/www.instagram.com\/klimapark_2469\/","https:\/\/www.youtube.com\/user\/Klimapark2469"]}]}},"_links":{"self":[{"href":"https:\/\/klimapark2469.no\/en\/wp-json\/wp\/v2\/pages\/14667","targetHints":{"allow":["GET"]}}],"collection":[{"href":"https:\/\/klimapark2469.no\/en\/wp-json\/wp\/v2\/pages"}],"about":[{"href":"https:\/\/klimapark2469.no\/en\/wp-json\/wp\/v2\/types\/page"}],"author":[{"embeddable":true,"href":"https:\/\/klimapark2469.no\/en\/wp-json\/wp\/v2\/users\/10"}],"replies":[{"embeddable":true,"href":"https:\/\/klimapark2469.no\/en\/wp-json\/wp\/v2\/comments?post=14667"}],"version-history":[{"count":9,"href":"https:\/\/klimapark2469.no\/en\/wp-json\/wp\/v2\/pages\/14667\/revisions"}],"predecessor-version":[{"id":17684,"href":"https:\/\/klimapark2469.no\/en\/wp-json\/wp\/v2\/pages\/14667\/revisions\/17684"}],"wp:attachment":[{"href":"https:\/\/klimapark2469.no\/en\/wp-json\/wp\/v2\/media?parent=14667"}],"curies":[{"name":"wp","href":"https:\/\/api.w.org\/{rel}","templated":true}]}}