{"id":14792,"date":"2025-05-30T10:15:38","date_gmt":"2025-05-30T08:15:38","guid":{"rendered":"https:\/\/klimapark2469.no\/terms-of-service\/"},"modified":"2026-04-10T14:53:56","modified_gmt":"2026-04-10T12:53:56","slug":"terms-of-service","status":"publish","type":"page","link":"https:\/\/klimapark2469.no\/en\/terms-of-service\/","title":{"rendered":"Terms Of Service"},"content":{"rendered":"\n<h2>\n\t\t\tVilk\u00e5r for deltaking p\u00e5 guida tur i Klimapark 2469\t<\/h2>\n\t<p>Den guida turen i Klimapark 2469 tek omlag 2 timar, og g\u00e5r fyrst i underkant av ein kilometer langs tilrettelagd gangbane over Juvflye. Her fortel guiden undervegs om v\u00ear og klima, geologi, dyreliv, flora og historie. Til sist g\u00e5r turen inn i istunnelen. Her ser du ein film f\u00f8r du kan utforske isen p\u00e5 eiga hand. Turen er p\u00e5 cirka 2 kilometer tur\/retur.<\/p>\n<p>&nbsp;<\/p>\n<strong>Oppm\u00f8te:<\/strong><br \/>\nDen guida turen i Klimapark 2469 startar ved det f\u00f8rste skiltet ved gangbana, rett over vegen for parkeringsplassen ved Juvasshytta. Guiden vil m\u00f8te dykk der.\n<p>Istunnelen er berre tilgjengeleg med guide.<\/p>\n<p>&nbsp;<\/p>\n<strong>V\u00ear og klede:<\/strong><br \/>\nV\u00earet kan endre seg fort oppe p\u00e5 h\u00f8gfjellet, og det kan til og med komme sn\u00f8 i juli. Vi vil oppfordre alle v\u00e5re bes\u00f8kande til \u00e5 sjekke v\u00earmeldinga p\u00e5 f\u00f8rehand, slik at de reiser trygt.\n<p>Du kan til d\u00f8mes s\u00f8ke opp \u00abJuvasshytta\u00bb p\u00e5 www.yr.no.<\/p>\nDet er viktig \u00e5 kle seg varmt p\u00e5 ein guida tur i Klimapark 2469. Det er kring -3 grader i istunnelen. Vi anbefaler:<br \/>\n&#8211; varm jakke og bukse, ein fordel om dei er vind- og vasstette<br \/>\n&#8211; lue og vottar<br \/>\n&#8211; ullundert\u00f8y<br \/>\n&#8211; sko som passar for fjelltur, for eksempel fjellsko eller vintersko<br \/>\n&#8211; solbriller for turen langs gangbana\n<p>&nbsp;<\/p>\n<strong>Risiko ved deltaking:<\/strong><br \/>\nEin guida tur i Klimapark 2469 er i utgangspunktet ein l\u00e5gterskel tur. Vi vil likevel gjere deltakarane merksame p\u00e5 at ein b\u00f8r halde seg p\u00e5 den tilrettelagte gangbana og f\u00f8lgje anbefalingar fr\u00e5 guiden. Den bratte steinura kring Klimapark 2469 er ustabil.\n<p>Deltaking er p\u00e5 eiga ansvar. Arrang\u00f8r p\u00e5tek seg inga \u00f8konomisk forplikting som f\u00f8lgje av skade p\u00e5 person eller utstyr.<\/p>\n<p>&nbsp;<\/p>\n<strong>Reise:<\/strong><br \/>\nVegen opp til Klimapark 2469 er eigd av Juvasshytta og er Noreg sin h\u00f8gastliggande veg. Den guida turen i Klimapark 2469 foreg\u00e5r p\u00e5 cirka 1850 meter over havet. Vegen er ilagt bomavgift. Bil med campingvogn er ikkje tillete, men campervan er greitt.\n<p>Buss: Det g\u00e5r buss fr\u00e5 Lom sentrum til Juvasshytta i ei avgrensa periode om sommaren. Sj\u00e5 www.entur.no for informasjon om tider og prisar. Du m\u00e5 rekne med noko venting.<\/p>\n<p>&nbsp;<\/p>\n<strong>Avbestilling og refusjon:<\/strong><br \/>\nKlimapark 2469 er eit utand\u00f8rs opplevingsomr\u00e5de p\u00e5 cirka 1850 moh. Dei guida turane g\u00e5r uavhengig av v\u00earforholda. Om du vel \u00e5 ikkje bli med p\u00e5 tur p\u00e5 grunn av d\u00e5rleg v\u00e6r, f\u00e5r du ikkje refusjon av billetten. Avbestilling m\u00e5 gjerast minst tre d\u00f8gn (72 timar) f\u00f8r turen startar.\n<p>Om du bestiller billett til guida tur i Klimapark 2469 p\u00e5 vegne av andre, er du ansvarleg for \u00e5 vidareformidle all relevant informasjon til deltakarane.<\/p>\n<p>&nbsp;<\/p>\n<p>Med billett i Klimapark 2469 f\u00e5r du 30 % rabatt p\u00e5 utstillingane hos Norsk fjellsenter i Lom sentrum.<\/p>\n<p>&nbsp;<\/p>\nHar du sp\u00f8rsm\u00e5l?<br \/>\nSj\u00e5 nettsida v\u00e5r www.klimapark2469.no. Du kan ogs\u00e5 sende oss ein e-post til post@klimapark2469.no eller ring oss p\u00e5 61 21 16 00. Ta kontakt om du vil avbestille turen, s\u00e5 hjelper vi deg.\n<p>&nbsp;<\/p>\n<p>Adresse Juvasshytta: Galdh\u00f8piggvegen 1492, 2687 B\u00f8verdalen.<\/p>\n\n","protected":false},"excerpt":{"rendered":"<p>Vilk\u00e5r for deltaking p\u00e5 guida tur i Klimapark 2469 Den guida turen i Klimapark 2469 tek omlag 2 timar, og g\u00e5r fyrst i underkant av ein kilometer langs tilrettelagd gangbane over Juvflye. Her fortel guiden undervegs om v\u00ear og klima, geologi, dyreliv, flora og historie. Til sist g\u00e5r turen inn i istunnelen. Her ser du&hellip;<\/p>\n","protected":false},"author":10,"featured_media":0,"parent":0,"menu_order":0,"comment_status":"closed","ping_status":"closed","template":"","meta":{"footnotes":""},"class_list":["post-14792","page","type-page","status-publish","hentry"],"yoast_head":"<!-- This site is optimized with the Yoast SEO plugin v27.5 - https:\/\/yoast.com\/product\/yoast-seo-wordpress\/ -->\n<title>Terms Of Service - Mimisbrunnr<\/title>\n<meta name=\"robots\" content=\"index, follow, max-snippet:-1, max-image-preview:large, max-video-preview:-1\" \/>\n<link rel=\"canonical\" href=\"https:\/\/klimapark2469.no\/en\/terms-of-service\/\" \/>\n<meta property=\"og:locale\" content=\"en_US\" \/>\n<meta property=\"og:type\" content=\"article\" \/>\n<meta property=\"og:title\" content=\"Terms Of Service - Mimisbrunnr\" \/>\n<meta property=\"og:description\" content=\"Vilk\u00e5r for deltaking p\u00e5 guida tur i Klimapark 2469 Den guida turen i Klimapark 2469 tek omlag 2 timar, og g\u00e5r fyrst i underkant av ein kilometer langs tilrettelagd gangbane over Juvflye. Her fortel guiden undervegs om v\u00ear og klima, geologi, dyreliv, flora og historie. Til sist g\u00e5r turen inn i istunnelen. Her ser du&hellip;\" \/>\n<meta property=\"og:url\" content=\"https:\/\/klimapark2469.no\/en\/terms-of-service\/\" \/>\n<meta property=\"og:site_name\" content=\"Mimisbrunnr\" \/>\n<meta property=\"article:publisher\" content=\"https:\/\/www.facebook.com\/Klimapark2469\/\" \/>\n<meta property=\"article:modified_time\" content=\"2026-04-10T12:53:56+00:00\" \/>\n<meta name=\"twitter:card\" content=\"summary_large_image\" \/>\n<meta name=\"twitter:label1\" content=\"Est. reading time\" \/>\n\t<meta name=\"twitter:data1\" content=\"3 minutes\" \/>\n<script type=\"application\/ld+json\" class=\"yoast-schema-graph\">{\"@context\":\"https:\\\/\\\/schema.org\",\"@graph\":[{\"@type\":\"WebPage\",\"@id\":\"https:\\\/\\\/klimapark2469.no\\\/en\\\/terms-of-service\\\/\",\"url\":\"https:\\\/\\\/klimapark2469.no\\\/en\\\/terms-of-service\\\/\",\"name\":\"Terms Of Service - Mimisbrunnr\",\"isPartOf\":{\"@id\":\"https:\\\/\\\/klimapark2469.no\\\/#website\"},\"datePublished\":\"2025-05-30T08:15:38+00:00\",\"dateModified\":\"2026-04-10T12:53:56+00:00\",\"breadcrumb\":{\"@id\":\"https:\\\/\\\/klimapark2469.no\\\/en\\\/terms-of-service\\\/#breadcrumb\"},\"inLanguage\":\"en-US\",\"potentialAction\":[{\"@type\":\"ReadAction\",\"target\":[\"https:\\\/\\\/klimapark2469.no\\\/en\\\/terms-of-service\\\/\"]}]},{\"@type\":\"BreadcrumbList\",\"@id\":\"https:\\\/\\\/klimapark2469.no\\\/en\\\/terms-of-service\\\/#breadcrumb\",\"itemListElement\":[{\"@type\":\"ListItem\",\"position\":1,\"name\":\"Hjem\",\"item\":\"https:\\\/\\\/klimapark2469.no\\\/en\\\/\"},{\"@type\":\"ListItem\",\"position\":2,\"name\":\"Terms Of Service\"}]},{\"@type\":\"WebSite\",\"@id\":\"https:\\\/\\\/klimapark2469.no\\\/#website\",\"url\":\"https:\\\/\\\/klimapark2469.no\\\/\",\"name\":\"Mimisbrunnr\",\"description\":\"70 meter inn i isen, 7000 \u00e5r attende i tid\",\"publisher\":{\"@id\":\"https:\\\/\\\/klimapark2469.no\\\/#organization\"},\"potentialAction\":[{\"@type\":\"SearchAction\",\"target\":{\"@type\":\"EntryPoint\",\"urlTemplate\":\"https:\\\/\\\/klimapark2469.no\\\/?s={search_term_string}\"},\"query-input\":{\"@type\":\"PropertyValueSpecification\",\"valueRequired\":true,\"valueName\":\"search_term_string\"}}],\"inLanguage\":\"en-US\"},{\"@type\":\"Organization\",\"@id\":\"https:\\\/\\\/klimapark2469.no\\\/#organization\",\"name\":\"Klimapark 2469\",\"url\":\"https:\\\/\\\/klimapark2469.no\\\/\",\"logo\":{\"@type\":\"ImageObject\",\"inLanguage\":\"en-US\",\"@id\":\"https:\\\/\\\/klimapark2469.no\\\/#\\\/schema\\\/logo\\\/image\\\/\",\"url\":\"https:\\\/\\\/klimapark2469.no\\\/wp-content\\\/uploads\\\/2019\\\/07\\\/Klimapark_2469_logo-1.png\",\"contentUrl\":\"https:\\\/\\\/klimapark2469.no\\\/wp-content\\\/uploads\\\/2019\\\/07\\\/Klimapark_2469_logo-1.png\",\"width\":1190,\"height\":364,\"caption\":\"Klimapark 2469\"},\"image\":{\"@id\":\"https:\\\/\\\/klimapark2469.no\\\/#\\\/schema\\\/logo\\\/image\\\/\"},\"sameAs\":[\"https:\\\/\\\/www.facebook.com\\\/Klimapark2469\\\/\",\"https:\\\/\\\/www.instagram.com\\\/klimapark_2469\\\/\",\"https:\\\/\\\/www.youtube.com\\\/user\\\/Klimapark2469\"]}]}<\/script>\n<!-- \/ Yoast SEO plugin. -->","yoast_head_json":{"title":"Terms Of Service - Mimisbrunnr","robots":{"index":"index","follow":"follow","max-snippet":"max-snippet:-1","max-image-preview":"max-image-preview:large","max-video-preview":"max-video-preview:-1"},"canonical":"https:\/\/klimapark2469.no\/en\/terms-of-service\/","og_locale":"en_US","og_type":"article","og_title":"Terms Of Service - Mimisbrunnr","og_description":"Vilk\u00e5r for deltaking p\u00e5 guida tur i Klimapark 2469 Den guida turen i Klimapark 2469 tek omlag 2 timar, og g\u00e5r fyrst i underkant av ein kilometer langs tilrettelagd gangbane over Juvflye. Her fortel guiden undervegs om v\u00ear og klima, geologi, dyreliv, flora og historie. Til sist g\u00e5r turen inn i istunnelen. Her ser du&hellip;","og_url":"https:\/\/klimapark2469.no\/en\/terms-of-service\/","og_site_name":"Mimisbrunnr","article_publisher":"https:\/\/www.facebook.com\/Klimapark2469\/","article_modified_time":"2026-04-10T12:53:56+00:00","twitter_card":"summary_large_image","twitter_misc":{"Est. reading time":"3 minutes"},"schema":{"@context":"https:\/\/schema.org","@graph":[{"@type":"WebPage","@id":"https:\/\/klimapark2469.no\/en\/terms-of-service\/","url":"https:\/\/klimapark2469.no\/en\/terms-of-service\/","name":"Terms Of Service - Mimisbrunnr","isPartOf":{"@id":"https:\/\/klimapark2469.no\/#website"},"datePublished":"2025-05-30T08:15:38+00:00","dateModified":"2026-04-10T12:53:56+00:00","breadcrumb":{"@id":"https:\/\/klimapark2469.no\/en\/terms-of-service\/#breadcrumb"},"inLanguage":"en-US","potentialAction":[{"@type":"ReadAction","target":["https:\/\/klimapark2469.no\/en\/terms-of-service\/"]}]},{"@type":"BreadcrumbList","@id":"https:\/\/klimapark2469.no\/en\/terms-of-service\/#breadcrumb","itemListElement":[{"@type":"ListItem","position":1,"name":"Hjem","item":"https:\/\/klimapark2469.no\/en\/"},{"@type":"ListItem","position":2,"name":"Terms Of Service"}]},{"@type":"WebSite","@id":"https:\/\/klimapark2469.no\/#website","url":"https:\/\/klimapark2469.no\/","name":"Mimisbrunnr","description":"70 meter inn i isen, 7000 \u00e5r attende i tid","publisher":{"@id":"https:\/\/klimapark2469.no\/#organization"},"potentialAction":[{"@type":"SearchAction","target":{"@type":"EntryPoint","urlTemplate":"https:\/\/klimapark2469.no\/?s={search_term_string}"},"query-input":{"@type":"PropertyValueSpecification","valueRequired":true,"valueName":"search_term_string"}}],"inLanguage":"en-US"},{"@type":"Organization","@id":"https:\/\/klimapark2469.no\/#organization","name":"Klimapark 2469","url":"https:\/\/klimapark2469.no\/","logo":{"@type":"ImageObject","inLanguage":"en-US","@id":"https:\/\/klimapark2469.no\/#\/schema\/logo\/image\/","url":"https:\/\/klimapark2469.no\/wp-content\/uploads\/2019\/07\/Klimapark_2469_logo-1.png","contentUrl":"https:\/\/klimapark2469.no\/wp-content\/uploads\/2019\/07\/Klimapark_2469_logo-1.png","width":1190,"height":364,"caption":"Klimapark 2469"},"image":{"@id":"https:\/\/klimapark2469.no\/#\/schema\/logo\/image\/"},"sameAs":["https:\/\/www.facebook.com\/Klimapark2469\/","https:\/\/www.instagram.com\/klimapark_2469\/","https:\/\/www.youtube.com\/user\/Klimapark2469"]}]}},"_links":{"self":[{"href":"https:\/\/klimapark2469.no\/en\/wp-json\/wp\/v2\/pages\/14792","targetHints":{"allow":["GET"]}}],"collection":[{"href":"https:\/\/klimapark2469.no\/en\/wp-json\/wp\/v2\/pages"}],"about":[{"href":"https:\/\/klimapark2469.no\/en\/wp-json\/wp\/v2\/types\/page"}],"author":[{"embeddable":true,"href":"https:\/\/klimapark2469.no\/en\/wp-json\/wp\/v2\/users\/10"}],"replies":[{"embeddable":true,"href":"https:\/\/klimapark2469.no\/en\/wp-json\/wp\/v2\/comments?post=14792"}],"version-history":[{"count":8,"href":"https:\/\/klimapark2469.no\/en\/wp-json\/wp\/v2\/pages\/14792\/revisions"}],"predecessor-version":[{"id":17755,"href":"https:\/\/klimapark2469.no\/en\/wp-json\/wp\/v2\/pages\/14792\/revisions\/17755"}],"wp:attachment":[{"href":"https:\/\/klimapark2469.no\/en\/wp-json\/wp\/v2\/media?parent=14792"}],"curies":[{"name":"wp","href":"https:\/\/api.w.org\/{rel}","templated":true}]}}