{"id":15153,"date":"2025-05-30T16:32:27","date_gmt":"2025-05-30T14:32:27","guid":{"rendered":"https:\/\/klimapark2469.no\/weather-and-clothes\/"},"modified":"2025-11-20T15:38:54","modified_gmt":"2025-11-20T14:38:54","slug":"weather-and-clothes","status":"publish","type":"page","link":"https:\/\/klimapark2469.no\/en\/weather-and-clothes\/","title":{"rendered":"Weather and clothes"},"content":{"rendered":"\n\n\t<h2 data-node=\"dj1sr2ie9403\">V\u00ear og klede<\/h2>\n<p>V\u00earet kan endre seg fort oppe p\u00e5 h\u00f8gfjellet, og det kan til og med komme sn\u00f8 i juli.<\/p>\n<p><strong>Vi vil oppfordre alle v\u00e5re bes\u00f8kande til \u00e5 sjekke v\u00earmeldinga p\u00e5 f\u00f8rehand, slik at de reiser trygt.<\/strong><\/p>\n<p>Du kan til d\u00f8mes s\u00f8ke opp \u00abJuvasshytta\u00bb p\u00e5 www.yr.no.<\/p>\n<p>Det er viktig \u00e5 kle seg varmt p\u00e5 ein guida tur i Klimapark 2469. Det er kring -3 grader i istunnelen. Vi anbefaler:<\/p>\n<ul>\n<li>varm jakke og bukse, ein fordel om dei er vind- og vasstette<\/li>\n<li>lue og vottar<\/li>\n<li>ullundert\u00f8y<\/li>\n<li>sko som passar for fjelltur, for eksempel fjellsko eller vintersko<\/li>\n<li>solbriller til turen langs gangbana<\/li>\n<\/ul>\n\n","protected":false},"excerpt":{"rendered":"<p>V\u00ear og klede V\u00earet kan endre seg fort oppe p\u00e5 h\u00f8gfjellet, og det kan til og med komme sn\u00f8 i juli. Vi vil oppfordre alle v\u00e5re bes\u00f8kande til \u00e5 sjekke v\u00earmeldinga p\u00e5 f\u00f8rehand, slik at de reiser trygt. Du kan til d\u00f8mes s\u00f8ke opp \u00abJuvasshytta\u00bb p\u00e5 www.yr.no. Det er viktig \u00e5 kle seg varmt p\u00e5&hellip;<\/p>\n","protected":false},"author":10,"featured_media":0,"parent":0,"menu_order":0,"comment_status":"closed","ping_status":"closed","template":"","meta":{"footnotes":""},"class_list":["post-15153","page","type-page","status-publish","hentry"],"yoast_head":"<!-- This site is optimized with the Yoast SEO plugin v27.4 - https:\/\/yoast.com\/product\/yoast-seo-wordpress\/ -->\n<title>Weather and clothes - Mimisbrunnr<\/title>\n<meta name=\"robots\" content=\"index, follow, max-snippet:-1, max-image-preview:large, max-video-preview:-1\" \/>\n<link rel=\"canonical\" href=\"https:\/\/klimapark2469.no\/en\/weather-and-clothes\/\" \/>\n<meta property=\"og:locale\" content=\"en_US\" \/>\n<meta property=\"og:type\" content=\"article\" \/>\n<meta property=\"og:title\" content=\"Weather and clothes - Mimisbrunnr\" \/>\n<meta property=\"og:description\" content=\"V\u00ear og klede V\u00earet kan endre seg fort oppe p\u00e5 h\u00f8gfjellet, og det kan til og med komme sn\u00f8 i juli. Vi vil oppfordre alle v\u00e5re bes\u00f8kande til \u00e5 sjekke v\u00earmeldinga p\u00e5 f\u00f8rehand, slik at de reiser trygt. Du kan til d\u00f8mes s\u00f8ke opp \u00abJuvasshytta\u00bb p\u00e5 www.yr.no. Det er viktig \u00e5 kle seg varmt p\u00e5&hellip;\" \/>\n<meta property=\"og:url\" content=\"https:\/\/klimapark2469.no\/en\/weather-and-clothes\/\" \/>\n<meta property=\"og:site_name\" content=\"Mimisbrunnr\" \/>\n<meta property=\"article:publisher\" content=\"https:\/\/www.facebook.com\/Klimapark2469\/\" \/>\n<meta property=\"article:modified_time\" content=\"2025-11-20T14:38:54+00:00\" \/>\n<meta name=\"twitter:card\" content=\"summary_large_image\" \/>\n<meta name=\"twitter:label1\" content=\"Est. reading time\" \/>\n\t<meta name=\"twitter:data1\" content=\"1 minute\" \/>\n<script type=\"application\/ld+json\" class=\"yoast-schema-graph\">{\"@context\":\"https:\\\/\\\/schema.org\",\"@graph\":[{\"@type\":\"WebPage\",\"@id\":\"https:\\\/\\\/klimapark2469.no\\\/en\\\/weather-and-clothes\\\/\",\"url\":\"https:\\\/\\\/klimapark2469.no\\\/en\\\/weather-and-clothes\\\/\",\"name\":\"Weather and clothes - Mimisbrunnr\",\"isPartOf\":{\"@id\":\"https:\\\/\\\/klimapark2469.no\\\/#website\"},\"datePublished\":\"2025-05-30T14:32:27+00:00\",\"dateModified\":\"2025-11-20T14:38:54+00:00\",\"breadcrumb\":{\"@id\":\"https:\\\/\\\/klimapark2469.no\\\/en\\\/weather-and-clothes\\\/#breadcrumb\"},\"inLanguage\":\"en-US\",\"potentialAction\":[{\"@type\":\"ReadAction\",\"target\":[\"https:\\\/\\\/klimapark2469.no\\\/en\\\/weather-and-clothes\\\/\"]}]},{\"@type\":\"BreadcrumbList\",\"@id\":\"https:\\\/\\\/klimapark2469.no\\\/en\\\/weather-and-clothes\\\/#breadcrumb\",\"itemListElement\":[{\"@type\":\"ListItem\",\"position\":1,\"name\":\"Hjem\",\"item\":\"https:\\\/\\\/klimapark2469.no\\\/en\\\/\"},{\"@type\":\"ListItem\",\"position\":2,\"name\":\"Weather and clothes\"}]},{\"@type\":\"WebSite\",\"@id\":\"https:\\\/\\\/klimapark2469.no\\\/#website\",\"url\":\"https:\\\/\\\/klimapark2469.no\\\/\",\"name\":\"Mimisbrunnr\",\"description\":\"70 meter inn i isen, 7000 \u00e5r attende i tid\",\"publisher\":{\"@id\":\"https:\\\/\\\/klimapark2469.no\\\/#organization\"},\"potentialAction\":[{\"@type\":\"SearchAction\",\"target\":{\"@type\":\"EntryPoint\",\"urlTemplate\":\"https:\\\/\\\/klimapark2469.no\\\/?s={search_term_string}\"},\"query-input\":{\"@type\":\"PropertyValueSpecification\",\"valueRequired\":true,\"valueName\":\"search_term_string\"}}],\"inLanguage\":\"en-US\"},{\"@type\":\"Organization\",\"@id\":\"https:\\\/\\\/klimapark2469.no\\\/#organization\",\"name\":\"Klimapark 2469\",\"url\":\"https:\\\/\\\/klimapark2469.no\\\/\",\"logo\":{\"@type\":\"ImageObject\",\"inLanguage\":\"en-US\",\"@id\":\"https:\\\/\\\/klimapark2469.no\\\/#\\\/schema\\\/logo\\\/image\\\/\",\"url\":\"https:\\\/\\\/klimapark2469.no\\\/wp-content\\\/uploads\\\/2019\\\/07\\\/Klimapark_2469_logo-1.png\",\"contentUrl\":\"https:\\\/\\\/klimapark2469.no\\\/wp-content\\\/uploads\\\/2019\\\/07\\\/Klimapark_2469_logo-1.png\",\"width\":1190,\"height\":364,\"caption\":\"Klimapark 2469\"},\"image\":{\"@id\":\"https:\\\/\\\/klimapark2469.no\\\/#\\\/schema\\\/logo\\\/image\\\/\"},\"sameAs\":[\"https:\\\/\\\/www.facebook.com\\\/Klimapark2469\\\/\",\"https:\\\/\\\/www.instagram.com\\\/klimapark_2469\\\/\",\"https:\\\/\\\/www.youtube.com\\\/user\\\/Klimapark2469\"]}]}<\/script>\n<!-- \/ Yoast SEO plugin. -->","yoast_head_json":{"title":"Weather and clothes - Mimisbrunnr","robots":{"index":"index","follow":"follow","max-snippet":"max-snippet:-1","max-image-preview":"max-image-preview:large","max-video-preview":"max-video-preview:-1"},"canonical":"https:\/\/klimapark2469.no\/en\/weather-and-clothes\/","og_locale":"en_US","og_type":"article","og_title":"Weather and clothes - Mimisbrunnr","og_description":"V\u00ear og klede V\u00earet kan endre seg fort oppe p\u00e5 h\u00f8gfjellet, og det kan til og med komme sn\u00f8 i juli. Vi vil oppfordre alle v\u00e5re bes\u00f8kande til \u00e5 sjekke v\u00earmeldinga p\u00e5 f\u00f8rehand, slik at de reiser trygt. Du kan til d\u00f8mes s\u00f8ke opp \u00abJuvasshytta\u00bb p\u00e5 www.yr.no. Det er viktig \u00e5 kle seg varmt p\u00e5&hellip;","og_url":"https:\/\/klimapark2469.no\/en\/weather-and-clothes\/","og_site_name":"Mimisbrunnr","article_publisher":"https:\/\/www.facebook.com\/Klimapark2469\/","article_modified_time":"2025-11-20T14:38:54+00:00","twitter_card":"summary_large_image","twitter_misc":{"Est. reading time":"1 minute"},"schema":{"@context":"https:\/\/schema.org","@graph":[{"@type":"WebPage","@id":"https:\/\/klimapark2469.no\/en\/weather-and-clothes\/","url":"https:\/\/klimapark2469.no\/en\/weather-and-clothes\/","name":"Weather and clothes - Mimisbrunnr","isPartOf":{"@id":"https:\/\/klimapark2469.no\/#website"},"datePublished":"2025-05-30T14:32:27+00:00","dateModified":"2025-11-20T14:38:54+00:00","breadcrumb":{"@id":"https:\/\/klimapark2469.no\/en\/weather-and-clothes\/#breadcrumb"},"inLanguage":"en-US","potentialAction":[{"@type":"ReadAction","target":["https:\/\/klimapark2469.no\/en\/weather-and-clothes\/"]}]},{"@type":"BreadcrumbList","@id":"https:\/\/klimapark2469.no\/en\/weather-and-clothes\/#breadcrumb","itemListElement":[{"@type":"ListItem","position":1,"name":"Hjem","item":"https:\/\/klimapark2469.no\/en\/"},{"@type":"ListItem","position":2,"name":"Weather and clothes"}]},{"@type":"WebSite","@id":"https:\/\/klimapark2469.no\/#website","url":"https:\/\/klimapark2469.no\/","name":"Mimisbrunnr","description":"70 meter inn i isen, 7000 \u00e5r attende i tid","publisher":{"@id":"https:\/\/klimapark2469.no\/#organization"},"potentialAction":[{"@type":"SearchAction","target":{"@type":"EntryPoint","urlTemplate":"https:\/\/klimapark2469.no\/?s={search_term_string}"},"query-input":{"@type":"PropertyValueSpecification","valueRequired":true,"valueName":"search_term_string"}}],"inLanguage":"en-US"},{"@type":"Organization","@id":"https:\/\/klimapark2469.no\/#organization","name":"Klimapark 2469","url":"https:\/\/klimapark2469.no\/","logo":{"@type":"ImageObject","inLanguage":"en-US","@id":"https:\/\/klimapark2469.no\/#\/schema\/logo\/image\/","url":"https:\/\/klimapark2469.no\/wp-content\/uploads\/2019\/07\/Klimapark_2469_logo-1.png","contentUrl":"https:\/\/klimapark2469.no\/wp-content\/uploads\/2019\/07\/Klimapark_2469_logo-1.png","width":1190,"height":364,"caption":"Klimapark 2469"},"image":{"@id":"https:\/\/klimapark2469.no\/#\/schema\/logo\/image\/"},"sameAs":["https:\/\/www.facebook.com\/Klimapark2469\/","https:\/\/www.instagram.com\/klimapark_2469\/","https:\/\/www.youtube.com\/user\/Klimapark2469"]}]}},"_links":{"self":[{"href":"https:\/\/klimapark2469.no\/en\/wp-json\/wp\/v2\/pages\/15153","targetHints":{"allow":["GET"]}}],"collection":[{"href":"https:\/\/klimapark2469.no\/en\/wp-json\/wp\/v2\/pages"}],"about":[{"href":"https:\/\/klimapark2469.no\/en\/wp-json\/wp\/v2\/types\/page"}],"author":[{"embeddable":true,"href":"https:\/\/klimapark2469.no\/en\/wp-json\/wp\/v2\/users\/10"}],"replies":[{"embeddable":true,"href":"https:\/\/klimapark2469.no\/en\/wp-json\/wp\/v2\/comments?post=15153"}],"version-history":[{"count":7,"href":"https:\/\/klimapark2469.no\/en\/wp-json\/wp\/v2\/pages\/15153\/revisions"}],"predecessor-version":[{"id":17644,"href":"https:\/\/klimapark2469.no\/en\/wp-json\/wp\/v2\/pages\/15153\/revisions\/17644"}],"wp:attachment":[{"href":"https:\/\/klimapark2469.no\/en\/wp-json\/wp\/v2\/media?parent=15153"}],"curies":[{"name":"wp","href":"https:\/\/api.w.org\/{rel}","templated":true}]}}