{"id":446,"date":"2015-06-26T14:09:51","date_gmt":"2015-06-26T12:09:51","guid":{"rendered":"https:\/\/klimapark2469.no\/?page_id=446"},"modified":"2025-12-12T16:31:50","modified_gmt":"2025-12-12T15:31:50","slug":"home","status":"publish","type":"page","link":"https:\/\/klimapark2469.no\/en\/","title":{"rendered":"Home"},"content":{"rendered":"\n\n\t<p><strong>Billettar for guida turar i Klimapark 2469 sesongen 2026 er no ute.<\/strong><\/p>\n<p>Klimapark 2469 er stengt for sesongen. Vi startar opp med guida turar laurdag 20. juni 2026.<\/p>\n<h1  data-animation-delay=\"0.0\" data-animation-duration=\"2\">\n\t\t\tBli med inn i isen\t<\/h1>\n<h1  data-animation-delay=\"0.0\" data-animation-duration=\"2\">\n\t\t\t7000 \u00e5r attende i tid\t<\/h1>\n\t\t\t\t<img decoding=\"async\" src=\"https:\/\/klimapark2469.no\/wp-content\/uploads\/2025\/11\/SOLNEDGANGSTUR.webp\" alt=\"Bilete av fonn og solnedgang\" itemprop=\"image\" height=\"768\" width=\"1024\" title=\"SOLNEDGANGSTUR\" onerror=\"this.style.display='none'\" loading=\"lazy\" \/>\n\t\t<h3>SOLNEDGANGSTUR (ENGELSK GUIDING)<\/h3><p>I 2026 startar vi opp med kveldsturar kvar torsdag i juli kl. 20:00.<\/p>\n<p>Bli med p\u00e5 ein guida tur i Klimapark 2469 over permafrosten og inn i istunnelen, i tillegg til \u00e5 nyte kveldsljoset ca. 1850 meter over havet.<\/p>\n<p><strong>Turane er berre p\u00e5 engelsk \/ english guiding only.\u00a0<\/strong><\/p>\n\t\t\t\t<img decoding=\"async\" src=\"https:\/\/klimapark2469.no\/wp-content\/uploads\/bb-plugin\/cache\/Sherpastigen-ustabilt-omrade-landscape-e2b6eee4b6d70c01e889db3484973e8a-.png\" alt=\"Sherpastigen - ustabilt omr\u00e5de. VI FRAR\u00c5DER FERDSEL. Stigen over iskjernemorena og fram til utkikkspunktet ved Kjelbreen er ustabil p\u00e5 grunn av smelting. Lause steinar og steinsprang kan f\u00f8rekome. The Sherpa Path - unstable area. WE ADVISE AGAINST ENTERING THE AREA. The constructed path which leads over an ice-core moraine to a viewpoint by Kjelbreen is unstable due to melting. Loose and falling rocks can occur.\" itemprop=\"image\" height=\"1003\" width=\"1433\" title=\"Sherpastigen-ustabilt omr\u00e5de\" onerror=\"this.style.display='none'\" loading=\"lazy\" \/>\n<h2>Sherpastigen &#8211; ustabilt omr\u00e5de<\/h2><p><strong>VI FRAR\u00c5DER FERDSEL<\/strong><\/p>\n<p>Stigen over iskjernemorena og fram til utkikkspunktet ved Kjelbreen er ustabil p\u00e5 grunn av smelting. Lause steinar og steinsprang kan f\u00f8rekome.<\/p>\n\t\t\t\t<img decoding=\"async\" src=\"https:\/\/klimapark2469.no\/wp-content\/uploads\/bb-plugin\/cache\/F1D52C42-7A39-46FA-A79F-216D0B24B754-300x200-landscape-ce34e0839e946191ea201a0047285ea6-.jpg\" alt=\"Kloden i istunnelen i Klimapark 2469.\" itemprop=\"image\" height=\"200\" width=\"300\" title=\"Kloden\" onerror=\"this.style.display='none'\" loading=\"lazy\" \/>\n<h2>Guida tur i Klimapark 2469<\/h2><p>Bli med inn i ein handhogd istunnel fylt med is-skulpturar og arkeologiske skattar. P\u00e5 vegen l\u00e6rer du om forhistorisk jakt, klimaendringar, tinande permafrost, smeltande sn\u00f8fonner og dyra og plantane som overlev i dei barske fjella. Turen tek cirka 2 timar.<\/p>\n<p>&nbsp;<\/p>\n<p><strong>Turen over permafrosten<\/strong><\/p>\n<p>P\u00e5 den n\u00e6r 1 kilometer lange turen langs gangbana over Juvflye og permafrosten l\u00e6rer du om klima, historie, geologi og biologi i h\u00f8gfjellet. Det er om lag 2 kilometer \u00e5 g\u00e5 tur\/retur.<\/p>\n<p>&nbsp;<\/p>\n<p><strong>Istunnelen i Juvfonne<\/strong><\/p>\n<p>H\u00f8gdepunktet p\u00e5 turen er den vakre istunnelen i Juvfonne. Istunnelen er handhogd, og skulpturane er utforma av iskunstnar Peder Istad med inspirasjon fr\u00e5 norr\u00f8n mytologi.<\/p>\n<p>I istunnelen finn du blant anna ein diger diamant, ei fasinerande klode, eit klimaarkiv, Midgardsormen og ein liten kinosal. Datering av isen viser at den er heile 7600 \u00e5r gamal, og den eldste isen som er registrert p\u00e5 fastlands-Noreg.<\/p>\n\t\t\t<a href=\"https:\/\/klimapark2469.no\/sporsmal-og-svar\/\" target=\"_self\">\n\t\t\t\t\t\t\tOfte stilte sp\u00f8rsm\u00e5l\n\t\t\t\t\t<\/a>\n\t\t\t\t<img decoding=\"async\" src=\"https:\/\/klimapark2469.no\/wp-content\/uploads\/bb-plugin\/cache\/istunnel-landscape-9d553a95a64fb58c4df572e77af13d66-.jpg\" alt=\"istunnel\" itemprop=\"image\" height=\"998\" width=\"1500\" title=\"istunnel\" onerror=\"this.style.display='none'\" loading=\"lazy\" \/>\n<h2>Tider og prisar<\/h2><p><strong>Tider<\/strong><\/p>\n<p>Vi har guida turar i tidsrommet 20. juni &#8211; 31. august 2026. Sj\u00e5 kalender for tider og spr\u00e5k.<\/p>\n<p>&nbsp;<\/p>\n<p><strong>Prisar<\/strong><\/p>\n<p><strong>Vaksen:<\/strong> kr 395,- per person.<\/p>\n<p><strong>Barn 4-18 \u00e5r:<\/strong> kr 215,- per person.<\/p>\n<p>Gratis for barn under 4 \u00e5r.<\/p>\n<p><strong>Familierabatt:<\/strong> 25% rabatt p\u00e5 barnebillett ved bestilling av meir enn ein barnebillett.<\/p>\n<p><strong>Grupper:<\/strong> inntil 20 personar: kr 4500,- inkludert guide. Ta kontakt med oss for gruppebestilling.<\/p>\n<p>&nbsp;<\/p>\n<p>Kj\u00f8p av billett i Klimapark 2469 gjev 30% rabatt p\u00e5 inngangsbilletten hos Norsk fjellsenter i Lom sentrum. Billettane treng ikkje nyttast same dag.<\/p>\n\t\t\t<a href=\"https:\/\/klimapark2469.no\/sporsmal-og-svar\/\" target=\"_self\">\n\t\t\t\t\t\t\tOfte stilte sp\u00f8rsm\u00e5l\n\t\t\t\t\t<\/a>\n\t\t\t\t<img decoding=\"async\" src=\"https:\/\/klimapark2469.no\/wp-content\/uploads\/bb-plugin\/cache\/Klimaparken_2023_Live-Sulheim_11-kopi-resizedweb-scaled-landscape-91f724cbbea046462af809479a593931-.jpg\" alt=\"Gangbane ute.\" itemprop=\"image\" height=\"1707\" width=\"2560\" title=\"Klimaparken_2023_Live-Sulheim_11-kopi--resizedweb\" onerror=\"this.style.display='none'\" loading=\"lazy\" \/>\n<h2>V\u00ear og klede<\/h2><p>V\u00earet kan endre seg fort oppe p\u00e5 h\u00f8gfjellet, og det kan til og med komme sn\u00f8 i juli.<\/p>\n<p><strong>Vi vil oppfordre alle v\u00e5re bes\u00f8kande til \u00e5 sjekke v\u00earmeldinga p\u00e5 f\u00f8rehand, slik at de reiser trygt.<\/strong><\/p>\n<p>Du kan til d\u00f8mes s\u00f8ke opp \u00abJuvasshytta\u00bb p\u00e5 www.yr.no.<\/p>\n<p>Det er viktig \u00e5 kle seg varmt p\u00e5 ein guida tur i Klimapark 2469. Det er kring -3 grader i istunnelen. Vi anbefaler:<\/p>\n<ul>\n<li>varm jakke og bukse, ein fordel om dei er vind- og vasstette<\/li>\n<li>lue og vottar<\/li>\n<li>ullundert\u00f8y<\/li>\n<li>sko som passar for fjelltur, for eksempel fjellsko eller vintersko<\/li>\n<li>solbriller til turen langs gangbana<\/li>\n<\/ul>\n\t\t\t\t<img decoding=\"async\" src=\"https:\/\/klimapark2469.no\/wp-content\/uploads\/bb-plugin\/cache\/Her-starter-den-guida-turen-Klimapark-2469-scaled-landscape-8202b33aa8db05afae2beb937038279f-.jpg\" alt=\"Starten av gangbanen.\" itemprop=\"image\" height=\"1920\" width=\"2560\" title=\"Her startar den guida turen i Klimapark 2469.\" onerror=\"this.style.display='none'\" loading=\"lazy\" \/>\n<h2>Lokasjon<\/h2><p>Klimapark 2469 er ei utand\u00f8rs oppleving i h\u00f8gfjellet cirka 1850 meter over havet. Den guida turen startar ved det f\u00f8rste skiltet ved gangbana, rett over vegen for parkeringsplassen ved Juvasshytta.<\/p>\n<p>Adressa til Juvasshytta er: Galdh\u00f8piggvegen 1492, 2687 B\u00f8verdalen.<\/p>\n<p>Fr\u00e5 Lom sentrum til Juvasshytta tek det om lag 45 minutt med bil. Merk deg at det er bomavgift p\u00e5 vegen til Juvasshytta.<\/p>\n<p>Istunnelen er berre tilgjengeleg med guide.<\/p>\n\t\t\t\t<img decoding=\"async\" src=\"https:\/\/klimapark2469.no\/wp-content\/uploads\/bb-plugin\/cache\/Klimaparken_2023_Live-Sulheim_6-scaled-landscape-4c964af892bc07510eb4b84a5c4cfb0f-.jpg\" alt=\"Turen over permafrosten. Foto: Live Andrea Sulheim\" itemprop=\"image\" height=\"1707\" width=\"2560\" title=\"Klimaparken_2023_Live Sulheim_6\" onerror=\"this.style.display='none'\" loading=\"lazy\" \/>\n<h2>Reise<\/h2><p>Vegen opp til Klimapark 2469 er eigd av Juvasshytta og er Noreg sin h\u00f8gastliggande veg. Den guida turen i Klimapark 2469 foreg\u00e5r p\u00e5 cirka 1850 meter over havet.<\/p>\n<p>Vegen er ilagt bomavgift. Bil med campingvogn er ikkje tillete, men campervan er greitt. Meir informasjon om vegen: <a href=\"https:\/\/juvasshytta.no\/norges-h%C3%B8gstliggande-bilveg\">Vegen opp til oss &#8211; Juvasshytta<\/a><\/p>\n<p>Buss: Det g\u00e5r buss fr\u00e5 Lom sentrum til Juvasshytta i ei avgrensa periode om sommaren. Sj\u00e5 www.entur.no for informasjon om tider og prisar. Du m\u00e5 rekne med noko venting.<\/p>\n\t\t\t\t<a href=\"https:\/\/www.norskfjellsenter.no\/\"  target=\"_self\" itemprop=\"url\">\n\t\t\t\t<img decoding=\"async\" src=\"https:\/\/klimapark2469.no\/wp-content\/uploads\/2018\/05\/Foto-Kristoffer-M\u00e6le-Thuestad-1-300x195.jpg\" alt=\"Foto- Kristoffer M\u00e6le Thuestad-1\" itemprop=\"image\" height=\"195\" width=\"300\" title=\"Foto- Kristoffer M\u00e6le Thuestad-1\" onerror=\"this.style.display='none'\" loading=\"lazy\" \/>\n\t\t\t\t<\/a>\n<h2><a href=\"https:\/\/www.norskfjellsenter.no\/\" target=\"_self\">L\u00e6r meir p\u00e5 Norsk fjellsenter<\/a><\/h2><p>Kva med \u00e5 kombinere bes\u00f8ket i Klimapark 2469 med ein tur til Norsk fjellsenter?<\/p>\n<p>Her kan du sj\u00e5 den st\u00f8rste utstillinga av brearkeologiske funn i Norge, f\u00e5 turtips, lere meir om nasjonalparkane i omr\u00e5det, dyr og natur. Du kan finne meir informasjon p\u00e5 www.norskfjellsenter.no.<\/p>\n<p>Kj\u00f8p av billett i Klimapark 2469 gjev 30% rabatt p\u00e5 inngangsbilletten hos Norsk fjellsenter i Lom sentrum. Billettane treng ikkje nyttast same dag.<\/p>\n\t\t\t\t<img decoding=\"async\" src=\"https:\/\/klimapark2469.no\/wp-content\/uploads\/2018\/05\/KOPIHestekranie-av-en-hingst-fra-Lendbreen-i-Breheimen.-Trolig-omlag-1000-\u00d1r-gammel.-Med-arkeolog-Elling-Utvik-Wammer.-\u00ae-Oppland-fylkeskommune-Det-brearkeologiske-sikringsprogram-300x200.jpg\" alt=\"KOPIHestekranie av en hingst fra Lendbreen i Breheimen. Trolig omlag 1000 +\u00d1r gammel. Med arkeolog Elling Utvik Wammer. -\u00ae Oppland fylkeskommune, Det brearkeologiske sikringsprogram\" itemprop=\"image\" height=\"200\" width=\"300\" title=\"KOPIHestekranie av en hingst fra Lendbreen i Breheimen. Trolig omlag 1000 +\u00d1r gammel. Med arkeolog Elling Utvik Wammer. -\u00ae Oppland fylkeskommune, Det brearkeologiske sikringsprogram\" onerror=\"this.style.display='none'\" loading=\"lazy\" \/>\n<h2>Verdskjende funn<\/h2><p>Visste du at meir enn 2000 arkeologiske funn har smelta ut av isen i fjella i Innlandet dei siste \u00e5ra? Blant dei er Noreg sitt eldste klesplagg, Noreg si eldste sko, eldste boge og fleire funn fr\u00e5 vikingtida. Funna fortel om tusen \u00e5r gamal jakt, fangst og ferdsel. L\u00e6r meir p\u00e5 <a href=\"https:\/\/secretsoftheice.com\/\">secretsoftheice.no.<\/a><\/p>\n\t\t\t\t<img decoding=\"async\" src=\"https:\/\/klimapark2469.no\/wp-content\/uploads\/bb-plugin\/cache\/Klimapark-2469_2023_Live-Sulheim-scaled-landscape-de51380d51e043de054cffaa7838fc92-.jpg\" alt=\"Isskulptur\" itemprop=\"image\" height=\"1707\" width=\"2560\" title=\"Klimapark 2469_2023_Live Sulheim\" onerror=\"this.style.display='none'\" loading=\"lazy\" \/>\n<h2>Sp\u00f8rsm\u00e5l<\/h2><p>Har du sp\u00f8rsm\u00e5l?<\/p>\n<p>Send oss ein e-post til post@klimapark2469.no, eller ring oss p\u00e5 61 21 16 00.<\/p>\n\t<h2>ISKUNST I VERDSKLASSE<\/h2>\n<p>I istunnelen finn du b\u00e5de ein diger diamant, ei underleg klode, eit klimaarkiv og ein kinosal. Tunnelen er utforma og lyssett av skulpt\u00f8r og iskunstnar Peder Istad fr\u00e5 Molde. I 2019 opna dei tre nye romma, Diamanten, Kloden og Klima-arkivet. Resten av istunnelen er utforma med utgangspunkt i Norr\u00f8n mytologi. Hit kjem du for \u00e5 ause av Odin sin kjelde til kunnskap, du vandrar under greinene til treet Yggdrasil og kan ake deg p\u00e5 ei sklie gjennom kroppen til sj\u00f8lvaste Midgardsormen.<\/p>\n\t\t\t\t<img decoding=\"async\" src=\"https:\/\/klimapark2469.no\/wp-content\/uploads\/2025\/01\/Klimapark-2469_2023_Live-Sulheim_16-scaled.jpg\" alt=\"Klimapark 2469_2023_Live Sulheim_16\" itemprop=\"image\" height=\"1707\" width=\"2560\" title=\"Klimapark 2469_2023_Live Sulheim_16\" onerror=\"this.style.display='none'\" loading=\"lazy\" \/>\n\n","protected":false},"excerpt":{"rendered":"<p>Billettar for guida turar i Klimapark 2469 sesongen 2026 er no ute. Klimapark 2469 er stengt for sesongen. Vi startar opp med guida turar laurdag 20. juni 2026. Bli med inn i isen 7000 \u00e5r attende i tid SOLNEDGANGSTUR (ENGELSK GUIDING) I 2026 startar vi opp med kveldsturar kvar torsdag i juli kl. 20:00. Bli&hellip;<\/p>\n","protected":false},"author":1,"featured_media":0,"parent":0,"menu_order":1,"comment_status":"closed","ping_status":"closed","template":"","meta":{"footnotes":""},"class_list":["post-446","page","type-page","status-publish","hentry"],"yoast_head":"<!-- This site is optimized with the Yoast SEO plugin v27.4 - https:\/\/yoast.com\/product\/yoast-seo-wordpress\/ -->\n<title>Guided tour in Klimapark 2469 and the ice tunnel in Jotunheimen<\/title>\n<meta name=\"description\" content=\"Into the ice - 7000 years back in time. Join us on a guided tour in Klimapark 2469.\" \/>\n<meta name=\"robots\" content=\"index, follow, max-snippet:-1, max-image-preview:large, max-video-preview:-1\" \/>\n<link rel=\"canonical\" href=\"https:\/\/klimapark2469.no\/en\/\" \/>\n<meta property=\"og:locale\" content=\"en_US\" \/>\n<meta property=\"og:type\" content=\"article\" \/>\n<meta property=\"og:title\" content=\"Guided tour in Klimapark 2469 and the ice tunnel in Jotunheimen\" \/>\n<meta property=\"og:description\" content=\"Into the ice - 7000 years back in time. Join us on a guided tour in Klimapark 2469.\" \/>\n<meta property=\"og:url\" content=\"https:\/\/klimapark2469.no\/en\/\" \/>\n<meta property=\"og:site_name\" content=\"Mimisbrunnr\" \/>\n<meta property=\"article:publisher\" content=\"https:\/\/www.facebook.com\/Klimapark2469\/\" \/>\n<meta property=\"article:modified_time\" content=\"2025-12-12T15:31:50+00:00\" \/>\n<meta property=\"og:image\" content=\"https:\/\/klimapark2469.no\/wp-content\/uploads\/2025\/11\/SOLNEDGANGSTUR.webp\" \/>\n<meta name=\"twitter:card\" content=\"summary_large_image\" \/>\n<meta name=\"twitter:label1\" content=\"Est. reading time\" \/>\n\t<meta name=\"twitter:data1\" content=\"4 minutes\" \/>\n<script type=\"application\/ld+json\" class=\"yoast-schema-graph\">{\"@context\":\"https:\\\/\\\/schema.org\",\"@graph\":[{\"@type\":\"WebPage\",\"@id\":\"https:\\\/\\\/klimapark2469.no\\\/en\\\/\",\"url\":\"https:\\\/\\\/klimapark2469.no\\\/en\\\/\",\"name\":\"Guided tour in Klimapark 2469 and the ice tunnel in Jotunheimen\",\"isPartOf\":{\"@id\":\"https:\\\/\\\/klimapark2469.no\\\/#website\"},\"primaryImageOfPage\":{\"@id\":\"https:\\\/\\\/klimapark2469.no\\\/en\\\/#primaryimage\"},\"image\":{\"@id\":\"https:\\\/\\\/klimapark2469.no\\\/en\\\/#primaryimage\"},\"thumbnailUrl\":\"https:\\\/\\\/klimapark2469.no\\\/wp-content\\\/uploads\\\/2025\\\/11\\\/SOLNEDGANGSTUR.webp\",\"datePublished\":\"2015-06-26T12:09:51+00:00\",\"dateModified\":\"2025-12-12T15:31:50+00:00\",\"description\":\"Into the ice - 7000 years back in time. Join us on a guided tour in Klimapark 2469.\",\"breadcrumb\":{\"@id\":\"https:\\\/\\\/klimapark2469.no\\\/en\\\/#breadcrumb\"},\"inLanguage\":\"en-US\",\"potentialAction\":[{\"@type\":\"ReadAction\",\"target\":[\"https:\\\/\\\/klimapark2469.no\\\/en\\\/\"]}]},{\"@type\":\"ImageObject\",\"inLanguage\":\"en-US\",\"@id\":\"https:\\\/\\\/klimapark2469.no\\\/en\\\/#primaryimage\",\"url\":\"https:\\\/\\\/klimapark2469.no\\\/wp-content\\\/uploads\\\/2025\\\/11\\\/SOLNEDGANGSTUR.webp\",\"contentUrl\":\"https:\\\/\\\/klimapark2469.no\\\/wp-content\\\/uploads\\\/2025\\\/11\\\/SOLNEDGANGSTUR.webp\"},{\"@type\":\"BreadcrumbList\",\"@id\":\"https:\\\/\\\/klimapark2469.no\\\/en\\\/#breadcrumb\",\"itemListElement\":[{\"@type\":\"ListItem\",\"position\":1,\"name\":\"Hjem\",\"item\":\"https:\\\/\\\/klimapark2469.no\\\/en\\\/\"},{\"@type\":\"ListItem\",\"position\":2,\"name\":\"Home\"}]},{\"@type\":\"WebSite\",\"@id\":\"https:\\\/\\\/klimapark2469.no\\\/#website\",\"url\":\"https:\\\/\\\/klimapark2469.no\\\/\",\"name\":\"Mimisbrunnr\",\"description\":\"70 meter inn i isen, 7000 \u00e5r attende i tid\",\"publisher\":{\"@id\":\"https:\\\/\\\/klimapark2469.no\\\/#organization\"},\"potentialAction\":[{\"@type\":\"SearchAction\",\"target\":{\"@type\":\"EntryPoint\",\"urlTemplate\":\"https:\\\/\\\/klimapark2469.no\\\/?s={search_term_string}\"},\"query-input\":{\"@type\":\"PropertyValueSpecification\",\"valueRequired\":true,\"valueName\":\"search_term_string\"}}],\"inLanguage\":\"en-US\"},{\"@type\":\"Organization\",\"@id\":\"https:\\\/\\\/klimapark2469.no\\\/#organization\",\"name\":\"Klimapark 2469\",\"url\":\"https:\\\/\\\/klimapark2469.no\\\/\",\"logo\":{\"@type\":\"ImageObject\",\"inLanguage\":\"en-US\",\"@id\":\"https:\\\/\\\/klimapark2469.no\\\/#\\\/schema\\\/logo\\\/image\\\/\",\"url\":\"https:\\\/\\\/klimapark2469.no\\\/wp-content\\\/uploads\\\/2019\\\/07\\\/Klimapark_2469_logo-1.png\",\"contentUrl\":\"https:\\\/\\\/klimapark2469.no\\\/wp-content\\\/uploads\\\/2019\\\/07\\\/Klimapark_2469_logo-1.png\",\"width\":1190,\"height\":364,\"caption\":\"Klimapark 2469\"},\"image\":{\"@id\":\"https:\\\/\\\/klimapark2469.no\\\/#\\\/schema\\\/logo\\\/image\\\/\"},\"sameAs\":[\"https:\\\/\\\/www.facebook.com\\\/Klimapark2469\\\/\",\"https:\\\/\\\/www.instagram.com\\\/klimapark_2469\\\/\",\"https:\\\/\\\/www.youtube.com\\\/user\\\/Klimapark2469\"]}]}<\/script>\n<!-- \/ Yoast SEO plugin. -->","yoast_head_json":{"title":"Guided tour in Klimapark 2469 and the ice tunnel in Jotunheimen","description":"Into the ice - 7000 years back in time. Join us on a guided tour in Klimapark 2469.","robots":{"index":"index","follow":"follow","max-snippet":"max-snippet:-1","max-image-preview":"max-image-preview:large","max-video-preview":"max-video-preview:-1"},"canonical":"https:\/\/klimapark2469.no\/en\/","og_locale":"en_US","og_type":"article","og_title":"Guided tour in Klimapark 2469 and the ice tunnel in Jotunheimen","og_description":"Into the ice - 7000 years back in time. Join us on a guided tour in Klimapark 2469.","og_url":"https:\/\/klimapark2469.no\/en\/","og_site_name":"Mimisbrunnr","article_publisher":"https:\/\/www.facebook.com\/Klimapark2469\/","article_modified_time":"2025-12-12T15:31:50+00:00","og_image":[{"url":"https:\/\/klimapark2469.no\/wp-content\/uploads\/2025\/11\/SOLNEDGANGSTUR.webp","type":"","width":"","height":""}],"twitter_card":"summary_large_image","twitter_misc":{"Est. reading time":"4 minutes"},"schema":{"@context":"https:\/\/schema.org","@graph":[{"@type":"WebPage","@id":"https:\/\/klimapark2469.no\/en\/","url":"https:\/\/klimapark2469.no\/en\/","name":"Guided tour in Klimapark 2469 and the ice tunnel in Jotunheimen","isPartOf":{"@id":"https:\/\/klimapark2469.no\/#website"},"primaryImageOfPage":{"@id":"https:\/\/klimapark2469.no\/en\/#primaryimage"},"image":{"@id":"https:\/\/klimapark2469.no\/en\/#primaryimage"},"thumbnailUrl":"https:\/\/klimapark2469.no\/wp-content\/uploads\/2025\/11\/SOLNEDGANGSTUR.webp","datePublished":"2015-06-26T12:09:51+00:00","dateModified":"2025-12-12T15:31:50+00:00","description":"Into the ice - 7000 years back in time. Join us on a guided tour in Klimapark 2469.","breadcrumb":{"@id":"https:\/\/klimapark2469.no\/en\/#breadcrumb"},"inLanguage":"en-US","potentialAction":[{"@type":"ReadAction","target":["https:\/\/klimapark2469.no\/en\/"]}]},{"@type":"ImageObject","inLanguage":"en-US","@id":"https:\/\/klimapark2469.no\/en\/#primaryimage","url":"https:\/\/klimapark2469.no\/wp-content\/uploads\/2025\/11\/SOLNEDGANGSTUR.webp","contentUrl":"https:\/\/klimapark2469.no\/wp-content\/uploads\/2025\/11\/SOLNEDGANGSTUR.webp"},{"@type":"BreadcrumbList","@id":"https:\/\/klimapark2469.no\/en\/#breadcrumb","itemListElement":[{"@type":"ListItem","position":1,"name":"Hjem","item":"https:\/\/klimapark2469.no\/en\/"},{"@type":"ListItem","position":2,"name":"Home"}]},{"@type":"WebSite","@id":"https:\/\/klimapark2469.no\/#website","url":"https:\/\/klimapark2469.no\/","name":"Mimisbrunnr","description":"70 meter inn i isen, 7000 \u00e5r attende i tid","publisher":{"@id":"https:\/\/klimapark2469.no\/#organization"},"potentialAction":[{"@type":"SearchAction","target":{"@type":"EntryPoint","urlTemplate":"https:\/\/klimapark2469.no\/?s={search_term_string}"},"query-input":{"@type":"PropertyValueSpecification","valueRequired":true,"valueName":"search_term_string"}}],"inLanguage":"en-US"},{"@type":"Organization","@id":"https:\/\/klimapark2469.no\/#organization","name":"Klimapark 2469","url":"https:\/\/klimapark2469.no\/","logo":{"@type":"ImageObject","inLanguage":"en-US","@id":"https:\/\/klimapark2469.no\/#\/schema\/logo\/image\/","url":"https:\/\/klimapark2469.no\/wp-content\/uploads\/2019\/07\/Klimapark_2469_logo-1.png","contentUrl":"https:\/\/klimapark2469.no\/wp-content\/uploads\/2019\/07\/Klimapark_2469_logo-1.png","width":1190,"height":364,"caption":"Klimapark 2469"},"image":{"@id":"https:\/\/klimapark2469.no\/#\/schema\/logo\/image\/"},"sameAs":["https:\/\/www.facebook.com\/Klimapark2469\/","https:\/\/www.instagram.com\/klimapark_2469\/","https:\/\/www.youtube.com\/user\/Klimapark2469"]}]}},"_links":{"self":[{"href":"https:\/\/klimapark2469.no\/en\/wp-json\/wp\/v2\/pages\/446","targetHints":{"allow":["GET"]}}],"collection":[{"href":"https:\/\/klimapark2469.no\/en\/wp-json\/wp\/v2\/pages"}],"about":[{"href":"https:\/\/klimapark2469.no\/en\/wp-json\/wp\/v2\/types\/page"}],"author":[{"embeddable":true,"href":"https:\/\/klimapark2469.no\/en\/wp-json\/wp\/v2\/users\/1"}],"replies":[{"embeddable":true,"href":"https:\/\/klimapark2469.no\/en\/wp-json\/wp\/v2\/comments?post=446"}],"version-history":[{"count":11,"href":"https:\/\/klimapark2469.no\/en\/wp-json\/wp\/v2\/pages\/446\/revisions"}],"predecessor-version":[{"id":17744,"href":"https:\/\/klimapark2469.no\/en\/wp-json\/wp\/v2\/pages\/446\/revisions\/17744"}],"wp:attachment":[{"href":"https:\/\/klimapark2469.no\/en\/wp-json\/wp\/v2\/media?parent=446"}],"curies":[{"name":"wp","href":"https:\/\/api.w.org\/{rel}","templated":true}]}}