{"id":462,"date":"2016-03-04T13:04:57","date_gmt":"2016-03-04T12:04:57","guid":{"rendered":"https:\/\/klimapark2469.no\/?page_id=462"},"modified":"2025-07-31T15:05:39","modified_gmt":"2025-07-31T13:05:39","slug":"contact-us","status":"publish","type":"page","link":"https:\/\/klimapark2469.no\/en\/contact-us\/","title":{"rendered":"Contact us"},"content":{"rendered":"\n<h2>\n\t\t\tKontakt Klimapark 2469\t<\/h2>\n\t<p>telefon: 61 21 16 00<\/p>\nbussruter Lom &#8211; Juvasshytta: <a href=\"https:\/\/en-tur.no\/\">https:\/\/en-tur.no\/<\/a><br \/>\n<a href=\"https:\/\/klimapark2469.no\/finn-vegen-til-klimaparken\/\">vegen til Klimapark 2469<\/a>\n<h3>\n\t\t\tTilsette\t<\/h3>\n\t\t<h3>Mai Bakken<\/h3>Dagleg leiar Klimapark 2469 og Norsk fjellsenter<br \/>\ntelefon 61 21 16 00\n\t\t<h3>Olav T\u00f8fte<\/h3>Formidlar<br \/>\ntelefon 61 21 16 00\n\t\t<h3>Karoline Mj\u00f8nes<\/h3>Kommunikasjonsr\u00e5dgjevar<br \/>\ntelefon 61 21 16 00\n\n","protected":false},"excerpt":{"rendered":"<p>Kontakt Klimapark 2469 telefon: 61 21 16 00 bussruter Lom &#8211; Juvasshytta: https:\/\/en-tur.no\/ vegen til Klimapark 2469 Tilsette Mai Bakken Dagleg leiar Klimapark 2469 og Norsk fjellsenter telefon 61 21 16 00 Olav T\u00f8fte Formidlar telefon 61 21 16 00 Karoline Mj\u00f8nes Kommunikasjonsr\u00e5dgjevar telefon 61 21 16 00<\/p>\n","protected":false},"author":1,"featured_media":0,"parent":0,"menu_order":3,"comment_status":"closed","ping_status":"closed","template":"","meta":{"footnotes":""},"class_list":["post-462","page","type-page","status-publish","hentry"],"yoast_head":"<!-- This site is optimized with the Yoast SEO plugin v27.5 - https:\/\/yoast.com\/product\/yoast-seo-wordpress\/ -->\n<title>Contact us - Mimisbrunnr<\/title>\n<meta name=\"robots\" content=\"index, follow, max-snippet:-1, max-image-preview:large, max-video-preview:-1\" \/>\n<link rel=\"canonical\" href=\"https:\/\/klimapark2469.no\/en\/contact-us\/\" \/>\n<meta property=\"og:locale\" content=\"en_US\" \/>\n<meta property=\"og:type\" content=\"article\" \/>\n<meta property=\"og:title\" content=\"Contact us - Mimisbrunnr\" \/>\n<meta property=\"og:description\" content=\"Kontakt Klimapark 2469 telefon: 61 21 16 00 bussruter Lom &#8211; Juvasshytta: https:\/\/en-tur.no\/ vegen til Klimapark 2469 Tilsette Mai Bakken Dagleg leiar Klimapark 2469 og Norsk fjellsenter telefon 61 21 16 00 Olav T\u00f8fte Formidlar telefon 61 21 16 00 Karoline Mj\u00f8nes Kommunikasjonsr\u00e5dgjevar telefon 61 21 16 00\" \/>\n<meta property=\"og:url\" content=\"https:\/\/klimapark2469.no\/en\/contact-us\/\" \/>\n<meta property=\"og:site_name\" content=\"Mimisbrunnr\" \/>\n<meta property=\"article:publisher\" content=\"https:\/\/www.facebook.com\/Klimapark2469\/\" \/>\n<meta property=\"article:modified_time\" content=\"2025-07-31T13:05:39+00:00\" \/>\n<meta name=\"twitter:card\" content=\"summary_large_image\" \/>\n<meta name=\"twitter:label1\" content=\"Est. reading time\" \/>\n\t<meta name=\"twitter:data1\" content=\"1 minute\" \/>\n<script type=\"application\/ld+json\" class=\"yoast-schema-graph\">{\"@context\":\"https:\\\/\\\/schema.org\",\"@graph\":[{\"@type\":\"WebPage\",\"@id\":\"https:\\\/\\\/klimapark2469.no\\\/en\\\/contact-us\\\/\",\"url\":\"https:\\\/\\\/klimapark2469.no\\\/en\\\/contact-us\\\/\",\"name\":\"Contact us - Mimisbrunnr\",\"isPartOf\":{\"@id\":\"https:\\\/\\\/klimapark2469.no\\\/#website\"},\"datePublished\":\"2016-03-04T12:04:57+00:00\",\"dateModified\":\"2025-07-31T13:05:39+00:00\",\"breadcrumb\":{\"@id\":\"https:\\\/\\\/klimapark2469.no\\\/en\\\/contact-us\\\/#breadcrumb\"},\"inLanguage\":\"en-US\",\"potentialAction\":[{\"@type\":\"ReadAction\",\"target\":[\"https:\\\/\\\/klimapark2469.no\\\/en\\\/contact-us\\\/\"]}]},{\"@type\":\"BreadcrumbList\",\"@id\":\"https:\\\/\\\/klimapark2469.no\\\/en\\\/contact-us\\\/#breadcrumb\",\"itemListElement\":[{\"@type\":\"ListItem\",\"position\":1,\"name\":\"Hjem\",\"item\":\"https:\\\/\\\/klimapark2469.no\\\/en\\\/\"},{\"@type\":\"ListItem\",\"position\":2,\"name\":\"Contact us\"}]},{\"@type\":\"WebSite\",\"@id\":\"https:\\\/\\\/klimapark2469.no\\\/#website\",\"url\":\"https:\\\/\\\/klimapark2469.no\\\/\",\"name\":\"Mimisbrunnr\",\"description\":\"70 meter inn i isen, 7000 \u00e5r attende i tid\",\"publisher\":{\"@id\":\"https:\\\/\\\/klimapark2469.no\\\/#organization\"},\"potentialAction\":[{\"@type\":\"SearchAction\",\"target\":{\"@type\":\"EntryPoint\",\"urlTemplate\":\"https:\\\/\\\/klimapark2469.no\\\/?s={search_term_string}\"},\"query-input\":{\"@type\":\"PropertyValueSpecification\",\"valueRequired\":true,\"valueName\":\"search_term_string\"}}],\"inLanguage\":\"en-US\"},{\"@type\":\"Organization\",\"@id\":\"https:\\\/\\\/klimapark2469.no\\\/#organization\",\"name\":\"Klimapark 2469\",\"url\":\"https:\\\/\\\/klimapark2469.no\\\/\",\"logo\":{\"@type\":\"ImageObject\",\"inLanguage\":\"en-US\",\"@id\":\"https:\\\/\\\/klimapark2469.no\\\/#\\\/schema\\\/logo\\\/image\\\/\",\"url\":\"https:\\\/\\\/klimapark2469.no\\\/wp-content\\\/uploads\\\/2019\\\/07\\\/Klimapark_2469_logo-1.png\",\"contentUrl\":\"https:\\\/\\\/klimapark2469.no\\\/wp-content\\\/uploads\\\/2019\\\/07\\\/Klimapark_2469_logo-1.png\",\"width\":1190,\"height\":364,\"caption\":\"Klimapark 2469\"},\"image\":{\"@id\":\"https:\\\/\\\/klimapark2469.no\\\/#\\\/schema\\\/logo\\\/image\\\/\"},\"sameAs\":[\"https:\\\/\\\/www.facebook.com\\\/Klimapark2469\\\/\",\"https:\\\/\\\/www.instagram.com\\\/klimapark_2469\\\/\",\"https:\\\/\\\/www.youtube.com\\\/user\\\/Klimapark2469\"]}]}<\/script>\n<!-- \/ Yoast SEO plugin. -->","yoast_head_json":{"title":"Contact us - Mimisbrunnr","robots":{"index":"index","follow":"follow","max-snippet":"max-snippet:-1","max-image-preview":"max-image-preview:large","max-video-preview":"max-video-preview:-1"},"canonical":"https:\/\/klimapark2469.no\/en\/contact-us\/","og_locale":"en_US","og_type":"article","og_title":"Contact us - Mimisbrunnr","og_description":"Kontakt Klimapark 2469 telefon: 61 21 16 00 bussruter Lom &#8211; Juvasshytta: https:\/\/en-tur.no\/ vegen til Klimapark 2469 Tilsette Mai Bakken Dagleg leiar Klimapark 2469 og Norsk fjellsenter telefon 61 21 16 00 Olav T\u00f8fte Formidlar telefon 61 21 16 00 Karoline Mj\u00f8nes Kommunikasjonsr\u00e5dgjevar telefon 61 21 16 00","og_url":"https:\/\/klimapark2469.no\/en\/contact-us\/","og_site_name":"Mimisbrunnr","article_publisher":"https:\/\/www.facebook.com\/Klimapark2469\/","article_modified_time":"2025-07-31T13:05:39+00:00","twitter_card":"summary_large_image","twitter_misc":{"Est. reading time":"1 minute"},"schema":{"@context":"https:\/\/schema.org","@graph":[{"@type":"WebPage","@id":"https:\/\/klimapark2469.no\/en\/contact-us\/","url":"https:\/\/klimapark2469.no\/en\/contact-us\/","name":"Contact us - Mimisbrunnr","isPartOf":{"@id":"https:\/\/klimapark2469.no\/#website"},"datePublished":"2016-03-04T12:04:57+00:00","dateModified":"2025-07-31T13:05:39+00:00","breadcrumb":{"@id":"https:\/\/klimapark2469.no\/en\/contact-us\/#breadcrumb"},"inLanguage":"en-US","potentialAction":[{"@type":"ReadAction","target":["https:\/\/klimapark2469.no\/en\/contact-us\/"]}]},{"@type":"BreadcrumbList","@id":"https:\/\/klimapark2469.no\/en\/contact-us\/#breadcrumb","itemListElement":[{"@type":"ListItem","position":1,"name":"Hjem","item":"https:\/\/klimapark2469.no\/en\/"},{"@type":"ListItem","position":2,"name":"Contact us"}]},{"@type":"WebSite","@id":"https:\/\/klimapark2469.no\/#website","url":"https:\/\/klimapark2469.no\/","name":"Mimisbrunnr","description":"70 meter inn i isen, 7000 \u00e5r attende i tid","publisher":{"@id":"https:\/\/klimapark2469.no\/#organization"},"potentialAction":[{"@type":"SearchAction","target":{"@type":"EntryPoint","urlTemplate":"https:\/\/klimapark2469.no\/?s={search_term_string}"},"query-input":{"@type":"PropertyValueSpecification","valueRequired":true,"valueName":"search_term_string"}}],"inLanguage":"en-US"},{"@type":"Organization","@id":"https:\/\/klimapark2469.no\/#organization","name":"Klimapark 2469","url":"https:\/\/klimapark2469.no\/","logo":{"@type":"ImageObject","inLanguage":"en-US","@id":"https:\/\/klimapark2469.no\/#\/schema\/logo\/image\/","url":"https:\/\/klimapark2469.no\/wp-content\/uploads\/2019\/07\/Klimapark_2469_logo-1.png","contentUrl":"https:\/\/klimapark2469.no\/wp-content\/uploads\/2019\/07\/Klimapark_2469_logo-1.png","width":1190,"height":364,"caption":"Klimapark 2469"},"image":{"@id":"https:\/\/klimapark2469.no\/#\/schema\/logo\/image\/"},"sameAs":["https:\/\/www.facebook.com\/Klimapark2469\/","https:\/\/www.instagram.com\/klimapark_2469\/","https:\/\/www.youtube.com\/user\/Klimapark2469"]}]}},"_links":{"self":[{"href":"https:\/\/klimapark2469.no\/en\/wp-json\/wp\/v2\/pages\/462","targetHints":{"allow":["GET"]}}],"collection":[{"href":"https:\/\/klimapark2469.no\/en\/wp-json\/wp\/v2\/pages"}],"about":[{"href":"https:\/\/klimapark2469.no\/en\/wp-json\/wp\/v2\/types\/page"}],"author":[{"embeddable":true,"href":"https:\/\/klimapark2469.no\/en\/wp-json\/wp\/v2\/users\/1"}],"replies":[{"embeddable":true,"href":"https:\/\/klimapark2469.no\/en\/wp-json\/wp\/v2\/comments?post=462"}],"version-history":[{"count":11,"href":"https:\/\/klimapark2469.no\/en\/wp-json\/wp\/v2\/pages\/462\/revisions"}],"predecessor-version":[{"id":17252,"href":"https:\/\/klimapark2469.no\/en\/wp-json\/wp\/v2\/pages\/462\/revisions\/17252"}],"wp:attachment":[{"href":"https:\/\/klimapark2469.no\/en\/wp-json\/wp\/v2\/media?parent=462"}],"curies":[{"name":"wp","href":"https:\/\/api.w.org\/{rel}","templated":true}]}}