{"id":6465,"date":"2018-06-06T17:19:55","date_gmt":"2018-06-06T15:19:55","guid":{"rendered":"https:\/\/klimapark2469.no\/cancellation-and-refund\/"},"modified":"2025-08-07T13:09:06","modified_gmt":"2025-08-07T11:09:06","slug":"cancellation-and-refund","status":"publish","type":"page","link":"https:\/\/klimapark2469.no\/en\/cancellation-and-refund\/","title":{"rendered":"Cancellation and refund"},"content":{"rendered":"\n\n<h2>\n\t\t\tAvbestilling og refusjon\t<\/h2>\n\t<p>Klimapark 2469 er eit utand\u00f8rs opplevingsomr\u00e5de. Dei guida turane g\u00e5r uavhengig av v\u00earforhold.<\/p>\n<p>For \u00e5 f\u00e5 full refusjon, m\u00e5 du avbestille turen seinast tre d\u00f8gn (72 timar) f\u00f8r start. Dersom du ikkje avbestiller innan fristen, blir ikkje billettane refundert.<\/p>\n<p>&nbsp;<\/p>\n<p><strong>Grupper i Klimapark 2469:\u00a0<\/strong>Klimapark 2469 er eit utand\u00f8rs opplevingsomr\u00e5de, dei guida turane g\u00e5r uavhengig av v\u00earforhold. For grupper i Klimapark 2469 er det gratis avbestilling inntil 10 dagar f\u00f8r oppm\u00f8tetidspunktet\/guida tur. Om gruppa kansellerer turen tidlegare enn 5 dagar f\u00f8r datoen for den guida turen, vil vi fakturere 15 prosent av billlettprisen. Ved avbestilling seinare enn 5 dagar f\u00f8r den guida turen, blir heile billettprisen fakturert.<\/p>\n\t\t\t\t<img decoding=\"async\" src=\"https:\/\/klimapark2469.no\/wp-content\/uploads\/2015\/06\/12.-De-gule-plattformene-er-informasjonstopp-hvor-guiden-forteller-og-hvor-det-skal-settes-opp-informasjon-om-ulike-tema.jpg\" alt=\"Utend\u00f8rs gangbane\" itemprop=\"image\" height=\"1200\" width=\"1800\" title=\"12. De gule plattformene er informasjonstopp hvor guiden forteller og hvor det skal settes opp informasjon om ulike tema\" onerror=\"this.style.display='none'\" loading='lazy' \/>\n\n","protected":false},"excerpt":{"rendered":"<p>Avbestilling og refusjon Klimapark 2469 er eit utand\u00f8rs opplevingsomr\u00e5de. Dei guida turane g\u00e5r uavhengig av v\u00earforhold. For \u00e5 f\u00e5 full refusjon, m\u00e5 du avbestille turen seinast tre d\u00f8gn (72 timar) f\u00f8r start. Dersom du ikkje avbestiller innan fristen, blir ikkje billettane refundert. &nbsp; Grupper i Klimapark 2469:\u00a0Klimapark 2469 er eit utand\u00f8rs opplevingsomr\u00e5de, dei guida turane&hellip;<\/p>\n","protected":false},"author":10,"featured_media":0,"parent":0,"menu_order":0,"comment_status":"closed","ping_status":"closed","template":"","meta":{"footnotes":""},"class_list":["post-6465","page","type-page","status-publish","hentry"],"yoast_head":"<!-- This site is optimized with the Yoast SEO plugin v27.4 - https:\/\/yoast.com\/product\/yoast-seo-wordpress\/ -->\n<title>Cancellation and refund - Mimisbrunnr<\/title>\n<meta name=\"robots\" content=\"index, follow, max-snippet:-1, max-image-preview:large, max-video-preview:-1\" \/>\n<link rel=\"canonical\" href=\"https:\/\/klimapark2469.no\/en\/cancellation-and-refund\/\" \/>\n<meta property=\"og:locale\" content=\"en_US\" \/>\n<meta property=\"og:type\" content=\"article\" \/>\n<meta property=\"og:title\" content=\"Cancellation and refund - Mimisbrunnr\" \/>\n<meta property=\"og:description\" content=\"Avbestilling og refusjon Klimapark 2469 er eit utand\u00f8rs opplevingsomr\u00e5de. Dei guida turane g\u00e5r uavhengig av v\u00earforhold. For \u00e5 f\u00e5 full refusjon, m\u00e5 du avbestille turen seinast tre d\u00f8gn (72 timar) f\u00f8r start. Dersom du ikkje avbestiller innan fristen, blir ikkje billettane refundert. &nbsp; Grupper i Klimapark 2469:\u00a0Klimapark 2469 er eit utand\u00f8rs opplevingsomr\u00e5de, dei guida turane&hellip;\" \/>\n<meta property=\"og:url\" content=\"https:\/\/klimapark2469.no\/en\/cancellation-and-refund\/\" \/>\n<meta property=\"og:site_name\" content=\"Mimisbrunnr\" \/>\n<meta property=\"article:publisher\" content=\"https:\/\/www.facebook.com\/Klimapark2469\/\" \/>\n<meta property=\"article:modified_time\" content=\"2025-08-07T11:09:06+00:00\" \/>\n<meta property=\"og:image\" content=\"https:\/\/klimapark2469.no\/wp-content\/uploads\/2015\/06\/12.-De-gule-plattformene-er-informasjonstopp-hvor-guiden-forteller-og-hvor-det-skal-settes-opp-informasjon-om-ulike-tema.jpg\" \/>\n<meta name=\"twitter:card\" content=\"summary_large_image\" \/>\n<meta name=\"twitter:label1\" content=\"Est. reading time\" \/>\n\t<meta name=\"twitter:data1\" content=\"1 minute\" \/>\n<script type=\"application\/ld+json\" class=\"yoast-schema-graph\">{\"@context\":\"https:\\\/\\\/schema.org\",\"@graph\":[{\"@type\":\"WebPage\",\"@id\":\"https:\\\/\\\/klimapark2469.no\\\/en\\\/cancellation-and-refund\\\/\",\"url\":\"https:\\\/\\\/klimapark2469.no\\\/en\\\/cancellation-and-refund\\\/\",\"name\":\"Cancellation and refund - Mimisbrunnr\",\"isPartOf\":{\"@id\":\"https:\\\/\\\/klimapark2469.no\\\/#website\"},\"primaryImageOfPage\":{\"@id\":\"https:\\\/\\\/klimapark2469.no\\\/en\\\/cancellation-and-refund\\\/#primaryimage\"},\"image\":{\"@id\":\"https:\\\/\\\/klimapark2469.no\\\/en\\\/cancellation-and-refund\\\/#primaryimage\"},\"thumbnailUrl\":\"https:\\\/\\\/klimapark2469.no\\\/wp-content\\\/uploads\\\/2015\\\/06\\\/12.-De-gule-plattformene-er-informasjonstopp-hvor-guiden-forteller-og-hvor-det-skal-settes-opp-informasjon-om-ulike-tema.jpg\",\"datePublished\":\"2018-06-06T15:19:55+00:00\",\"dateModified\":\"2025-08-07T11:09:06+00:00\",\"breadcrumb\":{\"@id\":\"https:\\\/\\\/klimapark2469.no\\\/en\\\/cancellation-and-refund\\\/#breadcrumb\"},\"inLanguage\":\"en-US\",\"potentialAction\":[{\"@type\":\"ReadAction\",\"target\":[\"https:\\\/\\\/klimapark2469.no\\\/en\\\/cancellation-and-refund\\\/\"]}]},{\"@type\":\"ImageObject\",\"inLanguage\":\"en-US\",\"@id\":\"https:\\\/\\\/klimapark2469.no\\\/en\\\/cancellation-and-refund\\\/#primaryimage\",\"url\":\"https:\\\/\\\/klimapark2469.no\\\/wp-content\\\/uploads\\\/2015\\\/06\\\/12.-De-gule-plattformene-er-informasjonstopp-hvor-guiden-forteller-og-hvor-det-skal-settes-opp-informasjon-om-ulike-tema.jpg\",\"contentUrl\":\"https:\\\/\\\/klimapark2469.no\\\/wp-content\\\/uploads\\\/2015\\\/06\\\/12.-De-gule-plattformene-er-informasjonstopp-hvor-guiden-forteller-og-hvor-det-skal-settes-opp-informasjon-om-ulike-tema.jpg\"},{\"@type\":\"BreadcrumbList\",\"@id\":\"https:\\\/\\\/klimapark2469.no\\\/en\\\/cancellation-and-refund\\\/#breadcrumb\",\"itemListElement\":[{\"@type\":\"ListItem\",\"position\":1,\"name\":\"Hjem\",\"item\":\"https:\\\/\\\/klimapark2469.no\\\/en\\\/\"},{\"@type\":\"ListItem\",\"position\":2,\"name\":\"Cancellation and refund\"}]},{\"@type\":\"WebSite\",\"@id\":\"https:\\\/\\\/klimapark2469.no\\\/#website\",\"url\":\"https:\\\/\\\/klimapark2469.no\\\/\",\"name\":\"Mimisbrunnr\",\"description\":\"70 meter inn i isen, 7000 \u00e5r attende i tid\",\"publisher\":{\"@id\":\"https:\\\/\\\/klimapark2469.no\\\/#organization\"},\"potentialAction\":[{\"@type\":\"SearchAction\",\"target\":{\"@type\":\"EntryPoint\",\"urlTemplate\":\"https:\\\/\\\/klimapark2469.no\\\/?s={search_term_string}\"},\"query-input\":{\"@type\":\"PropertyValueSpecification\",\"valueRequired\":true,\"valueName\":\"search_term_string\"}}],\"inLanguage\":\"en-US\"},{\"@type\":\"Organization\",\"@id\":\"https:\\\/\\\/klimapark2469.no\\\/#organization\",\"name\":\"Klimapark 2469\",\"url\":\"https:\\\/\\\/klimapark2469.no\\\/\",\"logo\":{\"@type\":\"ImageObject\",\"inLanguage\":\"en-US\",\"@id\":\"https:\\\/\\\/klimapark2469.no\\\/#\\\/schema\\\/logo\\\/image\\\/\",\"url\":\"https:\\\/\\\/klimapark2469.no\\\/wp-content\\\/uploads\\\/2019\\\/07\\\/Klimapark_2469_logo-1.png\",\"contentUrl\":\"https:\\\/\\\/klimapark2469.no\\\/wp-content\\\/uploads\\\/2019\\\/07\\\/Klimapark_2469_logo-1.png\",\"width\":1190,\"height\":364,\"caption\":\"Klimapark 2469\"},\"image\":{\"@id\":\"https:\\\/\\\/klimapark2469.no\\\/#\\\/schema\\\/logo\\\/image\\\/\"},\"sameAs\":[\"https:\\\/\\\/www.facebook.com\\\/Klimapark2469\\\/\",\"https:\\\/\\\/www.instagram.com\\\/klimapark_2469\\\/\",\"https:\\\/\\\/www.youtube.com\\\/user\\\/Klimapark2469\"]}]}<\/script>\n<!-- \/ Yoast SEO plugin. -->","yoast_head_json":{"title":"Cancellation and refund - Mimisbrunnr","robots":{"index":"index","follow":"follow","max-snippet":"max-snippet:-1","max-image-preview":"max-image-preview:large","max-video-preview":"max-video-preview:-1"},"canonical":"https:\/\/klimapark2469.no\/en\/cancellation-and-refund\/","og_locale":"en_US","og_type":"article","og_title":"Cancellation and refund - Mimisbrunnr","og_description":"Avbestilling og refusjon Klimapark 2469 er eit utand\u00f8rs opplevingsomr\u00e5de. Dei guida turane g\u00e5r uavhengig av v\u00earforhold. For \u00e5 f\u00e5 full refusjon, m\u00e5 du avbestille turen seinast tre d\u00f8gn (72 timar) f\u00f8r start. Dersom du ikkje avbestiller innan fristen, blir ikkje billettane refundert. &nbsp; Grupper i Klimapark 2469:\u00a0Klimapark 2469 er eit utand\u00f8rs opplevingsomr\u00e5de, dei guida turane&hellip;","og_url":"https:\/\/klimapark2469.no\/en\/cancellation-and-refund\/","og_site_name":"Mimisbrunnr","article_publisher":"https:\/\/www.facebook.com\/Klimapark2469\/","article_modified_time":"2025-08-07T11:09:06+00:00","og_image":[{"url":"https:\/\/klimapark2469.no\/wp-content\/uploads\/2015\/06\/12.-De-gule-plattformene-er-informasjonstopp-hvor-guiden-forteller-og-hvor-det-skal-settes-opp-informasjon-om-ulike-tema.jpg","type":"","width":"","height":""}],"twitter_card":"summary_large_image","twitter_misc":{"Est. reading time":"1 minute"},"schema":{"@context":"https:\/\/schema.org","@graph":[{"@type":"WebPage","@id":"https:\/\/klimapark2469.no\/en\/cancellation-and-refund\/","url":"https:\/\/klimapark2469.no\/en\/cancellation-and-refund\/","name":"Cancellation and refund - Mimisbrunnr","isPartOf":{"@id":"https:\/\/klimapark2469.no\/#website"},"primaryImageOfPage":{"@id":"https:\/\/klimapark2469.no\/en\/cancellation-and-refund\/#primaryimage"},"image":{"@id":"https:\/\/klimapark2469.no\/en\/cancellation-and-refund\/#primaryimage"},"thumbnailUrl":"https:\/\/klimapark2469.no\/wp-content\/uploads\/2015\/06\/12.-De-gule-plattformene-er-informasjonstopp-hvor-guiden-forteller-og-hvor-det-skal-settes-opp-informasjon-om-ulike-tema.jpg","datePublished":"2018-06-06T15:19:55+00:00","dateModified":"2025-08-07T11:09:06+00:00","breadcrumb":{"@id":"https:\/\/klimapark2469.no\/en\/cancellation-and-refund\/#breadcrumb"},"inLanguage":"en-US","potentialAction":[{"@type":"ReadAction","target":["https:\/\/klimapark2469.no\/en\/cancellation-and-refund\/"]}]},{"@type":"ImageObject","inLanguage":"en-US","@id":"https:\/\/klimapark2469.no\/en\/cancellation-and-refund\/#primaryimage","url":"https:\/\/klimapark2469.no\/wp-content\/uploads\/2015\/06\/12.-De-gule-plattformene-er-informasjonstopp-hvor-guiden-forteller-og-hvor-det-skal-settes-opp-informasjon-om-ulike-tema.jpg","contentUrl":"https:\/\/klimapark2469.no\/wp-content\/uploads\/2015\/06\/12.-De-gule-plattformene-er-informasjonstopp-hvor-guiden-forteller-og-hvor-det-skal-settes-opp-informasjon-om-ulike-tema.jpg"},{"@type":"BreadcrumbList","@id":"https:\/\/klimapark2469.no\/en\/cancellation-and-refund\/#breadcrumb","itemListElement":[{"@type":"ListItem","position":1,"name":"Hjem","item":"https:\/\/klimapark2469.no\/en\/"},{"@type":"ListItem","position":2,"name":"Cancellation and refund"}]},{"@type":"WebSite","@id":"https:\/\/klimapark2469.no\/#website","url":"https:\/\/klimapark2469.no\/","name":"Mimisbrunnr","description":"70 meter inn i isen, 7000 \u00e5r attende i tid","publisher":{"@id":"https:\/\/klimapark2469.no\/#organization"},"potentialAction":[{"@type":"SearchAction","target":{"@type":"EntryPoint","urlTemplate":"https:\/\/klimapark2469.no\/?s={search_term_string}"},"query-input":{"@type":"PropertyValueSpecification","valueRequired":true,"valueName":"search_term_string"}}],"inLanguage":"en-US"},{"@type":"Organization","@id":"https:\/\/klimapark2469.no\/#organization","name":"Klimapark 2469","url":"https:\/\/klimapark2469.no\/","logo":{"@type":"ImageObject","inLanguage":"en-US","@id":"https:\/\/klimapark2469.no\/#\/schema\/logo\/image\/","url":"https:\/\/klimapark2469.no\/wp-content\/uploads\/2019\/07\/Klimapark_2469_logo-1.png","contentUrl":"https:\/\/klimapark2469.no\/wp-content\/uploads\/2019\/07\/Klimapark_2469_logo-1.png","width":1190,"height":364,"caption":"Klimapark 2469"},"image":{"@id":"https:\/\/klimapark2469.no\/#\/schema\/logo\/image\/"},"sameAs":["https:\/\/www.facebook.com\/Klimapark2469\/","https:\/\/www.instagram.com\/klimapark_2469\/","https:\/\/www.youtube.com\/user\/Klimapark2469"]}]}},"_links":{"self":[{"href":"https:\/\/klimapark2469.no\/en\/wp-json\/wp\/v2\/pages\/6465","targetHints":{"allow":["GET"]}}],"collection":[{"href":"https:\/\/klimapark2469.no\/en\/wp-json\/wp\/v2\/pages"}],"about":[{"href":"https:\/\/klimapark2469.no\/en\/wp-json\/wp\/v2\/types\/page"}],"author":[{"embeddable":true,"href":"https:\/\/klimapark2469.no\/en\/wp-json\/wp\/v2\/users\/10"}],"replies":[{"embeddable":true,"href":"https:\/\/klimapark2469.no\/en\/wp-json\/wp\/v2\/comments?post=6465"}],"version-history":[{"count":14,"href":"https:\/\/klimapark2469.no\/en\/wp-json\/wp\/v2\/pages\/6465\/revisions"}],"predecessor-version":[{"id":17567,"href":"https:\/\/klimapark2469.no\/en\/wp-json\/wp\/v2\/pages\/6465\/revisions\/17567"}],"wp:attachment":[{"href":"https:\/\/klimapark2469.no\/en\/wp-json\/wp\/v2\/media?parent=6465"}],"curies":[{"name":"wp","href":"https:\/\/api.w.org\/{rel}","templated":true}]}}